{"id":821,"date":"2019-04-28T19:33:40","date_gmt":"2019-04-28T17:33:40","guid":{"rendered":"http:\/\/serwer1421977.home.pl\/kwiecien19\/like\/?page_id=821"},"modified":"2019-04-28T19:33:40","modified_gmt":"2019-04-28T17:33:40","slug":"scuola","status":"publish","type":"page","link":"https:\/\/szkolysalomon.pl\/index.php\/it\/scuola\/","title":{"rendered":"SCUOLA"},"content":{"rendered":"<p>[et_pb_section bb_built=&#8221;1&#8243; _builder_version=&#8221;3.17.6&#8243;][et_pb_row _builder_version=&#8221;3.17.6&#8243; custom_padding=&#8221;0|0px|27px|0px|false|false&#8221;][et_pb_column type=&#8221;4_4&#8243;][et_pb_text background_blend=&#8221;overlay&#8221; _builder_version=&#8221;3.17.6&#8243; background_image=&#8221;http:\/\/serwer1421977.home.pl\/kwiecien19\/like\/wp-content\/uploads\/2019\/04\/6.jpg&#8221; background_color=&#8221;rgba(255,255,255,0.66)&#8221; text_text_color=&#8221;#000000&#8243; custom_padding=&#8221;25px|25px|25px|25px|true|true&#8221;]<\/p>\n<h1>SCUOLA \/<\/h1>\n<p>La famiglia \u00e8 l\u2019ambiente naturale di crescita del bambino e i genitori sono i loro primi insegnanti. La scuola deve sostenere la famiglia nella funzione di divulgazione delle conoscenze e nelle sue attivit\u00e0 educative, perci\u00f2 \u00e8 necessaria la collaborazione tra scuola e casa. I principi e le tradizioni apprese dai bambini a casa devono trovare a scuola un riconoscimento e un supporto. Solo cosi un bambino pu\u00f2 naturalmente crescere e svilupparsi trovando il senso di sicurezza.<\/p>\n<p>All\u2019uomo di oggi arriva in continuazione, da diverse fonti, una quantit\u00e0 enorme d\u2019informazioni e stimoli, anche questi casuali. Un bambino in tale situazione e\u2019 spesso indifeso e riceve informazioni contraddittorie in modo acritico ci\u00f2 introduce caos nel suo modo di vedere e capire il mondo circostante. La scuola, come la famiglia, aiuta a correggere questa immagine e la rende coerente con il sistema dei valori.<\/p>\n<p>Particolarmente importante e il rispetto della verit\u00e0. La scuola pu\u00f2 supportare considerevolmente la famiglia nell\u2019ambito dello sviluppo personale attraverso le esigenze che formano il carattere, aiutando a superare le difficolt\u00e0 e a realizzare i propri scopi. La scuola \u00e8 anche un ambiente di diversi incontri. Il suo ruolo \u00e8 importante sopratutto nel dare agli allievi la possibilit\u00e0 di acquisire le esperienze date dalla collaborazione nel gruppo di coetanei e del introdursi nel mondo di diritti e doveri del cittadino. La indispensabile conoscenza della storia, letteratura, cultura e paesaggio della propria patria, aiuta a costruire un sano orgoglio del proprio paese natale e la volont\u00e0 di coltivare le sue tradizioni.<\/p>\n<p>Lo sviluppo di una persona giovane sarebbe incompleto senza prendere in considerazione la sua dimensione spirituale. Qui sussiste il bisogno di modelli giusti e d\u2019incoraggiamento.<\/p>\n<p>In particolare focalizziamo la nostra attenzione sul trattare in modo individuale ogni allievo, cercando di scoprire i suoi talenti e aiutando il suo sviluppo. Questo aiuta a costruire l\u2019autostima e a ritrovare il proprio posto nella societ\u00e0 scolastica.<\/p>\n<p>La gentilezza e la fiducia con cui lavorano gli insegnanti induce lo stesso comportamento negli allievi, che sono la base per un processo pienamente efficace di educazione e insegnamento.<\/p>\n<p>[\/et_pb_text][\/et_pb_column][\/et_pb_row][\/et_pb_section]<\/p>\n","protected":false},"excerpt":{"rendered":"<p>[et_pb_section bb_built=&#8221;1&#8243; _builder_version=&#8221;3.17.6&#8243;][et_pb_row _builder_version=&#8221;3.17.6&#8243; custom_padding=&#8221;0|0px|27px|0px|false|false&#8221;][et_pb_column type=&#8221;4_4&#8243;][et_pb_text background_blend=&#8221;overlay&#8221; _builder_version=&#8221;3.17.6&#8243; background_image=&#8221;http:\/\/serwer1421977.home.pl\/kwiecien19\/like\/wp-content\/uploads\/2019\/04\/6.jpg&#8221; background_color=&#8221;rgba(255,255,255,0.66)&#8221; text_text_color=&#8221;#000000&#8243; custom_padding=&#8221;25px|25px|25px|25px|true|true&#8221;] SCUOLA \/ La famiglia \u00e8 l\u2019ambiente naturale di crescita del bambino e i genitori sono i loro primi insegnanti. La scuola deve sostenere la famiglia nella funzione di divulgazione delle conoscenze e nelle sue attivit\u00e0 educative, perci\u00f2 \u00e8 necessaria la collaborazione tra scuola [&hellip;]<\/p>\n","protected":false},"author":1,"featured_media":0,"parent":0,"menu_order":0,"comment_status":"closed","ping_status":"closed","template":"","meta":{"_et_pb_use_builder":"on","_et_pb_old_content":""},"_links":{"self":[{"href":"https:\/\/szkolysalomon.pl\/index.php\/wp-json\/wp\/v2\/pages\/821"}],"collection":[{"href":"https:\/\/szkolysalomon.pl\/index.php\/wp-json\/wp\/v2\/pages"}],"about":[{"href":"https:\/\/szkolysalomon.pl\/index.php\/wp-json\/wp\/v2\/types\/page"}],"author":[{"embeddable":true,"href":"https:\/\/szkolysalomon.pl\/index.php\/wp-json\/wp\/v2\/users\/1"}],"replies":[{"embeddable":true,"href":"https:\/\/szkolysalomon.pl\/index.php\/wp-json\/wp\/v2\/comments?post=821"}],"version-history":[{"count":1,"href":"https:\/\/szkolysalomon.pl\/index.php\/wp-json\/wp\/v2\/pages\/821\/revisions"}],"predecessor-version":[{"id":822,"href":"https:\/\/szkolysalomon.pl\/index.php\/wp-json\/wp\/v2\/pages\/821\/revisions\/822"}],"wp:attachment":[{"href":"https:\/\/szkolysalomon.pl\/index.php\/wp-json\/wp\/v2\/media?parent=821"}],"curies":[{"name":"wp","href":"https:\/\/api.w.org\/{rel}","templated":true}]}}