{"id":817,"date":"2019-04-28T19:29:30","date_gmt":"2019-04-28T17:29:30","guid":{"rendered":"http:\/\/serwer1421977.home.pl\/kwiecien19\/like\/?page_id=817"},"modified":"2019-04-28T19:29:30","modified_gmt":"2019-04-28T17:29:30","slug":"servizio-di-assistenza","status":"publish","type":"page","link":"https:\/\/szkolysalomon.pl\/index.php\/it\/servizio-di-assistenza\/","title":{"rendered":"SERVIZIO DI ASSISTENZA"},"content":{"rendered":"<p>[et_pb_section bb_built=&#8221;1&#8243; _builder_version=&#8221;3.17.6&#8243;][et_pb_row custom_padding=&#8221;0|0px|27px|0px|false|false&#8221; _builder_version=&#8221;3.17.6&#8243;][et_pb_column type=&#8221;4_4&#8243;][et_pb_text _builder_version=&#8221;3.17.6&#8243;]<\/p>\n<h1>SERVIZIO DI ASSISTENZA<\/h1>\n<div class=\"box_newtxt\">\n<p>Sopportare la crescente pressione di ogni giorno \u00e8 per tanti bambini molto difficile e pu\u00f2 privarli di gioia. Con il nostro Servizio di Assistenza cerchiamo di aiutare i genitori dei bambini in et\u00e0 scolastica e gli allievi attraverso il sostegno del loro sviluppo e dell\u2019efficacia del loro studio:<\/p>\n<p>&#8211;\u00a0\u00a0\u00a0\u00a0\u00a0\u00a0\u00a0\u00a0\u00a0 diamo consigli, forniamo consulenze psicologiche e pedagogiche,<\/p>\n<p>&#8211;\u00a0\u00a0\u00a0\u00a0\u00a0\u00a0\u00a0\u00a0\u00a0 facciamo diagnosi psicologiche e pedagogiche dei bambini e dei ragazzi,<\/p>\n<p>&#8211;\u00a0\u00a0\u00a0\u00a0\u00a0\u00a0\u00a0\u00a0\u00a0 sosteniamo i genitori preoccupati per il comportamento non adeguato dei loro bambini,<\/p>\n<p>&#8211;\u00a0\u00a0\u00a0\u00a0\u00a0\u00a0\u00a0\u00a0\u00a0 sosteniamo le famiglie nelle situazioni difficili,<\/p>\n<p>&#8211;\u00a0\u00a0\u00a0\u00a0\u00a0\u00a0\u00a0\u00a0\u00a0 conduciamo delle analisi e forniamo le opinioni richieste durante il processo di reclutamento nel sistema d\u2019istruzione oltre alla scuola.<\/p>\n<p>\u00a0<\/p>\n<p><b>DIAGNOSI<\/b><\/p>\n<p>La diagnosi psicologica e pedagogica \u00e8 la base per adottare la terapia giusta che serve a superare le difficolt\u00e0. La diagnosi individuale come il risultato delle analisi permette di riconoscere: \u2013 le cause degli insuccessi scolastici \u2013 le difficolt\u00e0 specifiche nell\u2019apprendere e di: \u2013 valutazione del \u2018essere pronto\u2019 \u2013 l\u2019eliminazione dei disturbi di comportamento \u2013 l\u2019eliminazione della disarmonia dello sviluppo<\/p>\n<p><b>\u00a0<\/b><\/p>\n<p><strong>TERAPIA<\/strong><\/p>\n<p>Le diverse forme di attivit\u00e0 terapeutiche hanno lo scopo di aiutare i genitori e i loro bambini a superare le difficolt\u00e0 scolastiche, di educazione e la presenza di disturbi. La terapia pu\u00f2 essere svolta individualmente o in gruppo secondo le necessit\u00e0.<\/p>\n<p><b>Svolgiamo terapie:<\/b><\/p>\n<p>&#8211; per i disturbi emotivi e psicosomatici dei bambini in et\u00e0 scolastica<\/p>\n<p>&#8211; per le difficolt\u00e0 nel ragionamento matematico ( per i bambini con difficolt\u00e0 specifiche nell\u2019apprendere)<\/p>\n<p>&#8211; per le difficolt\u00e0 nel parlare e comunicare ( per i bambini con difficolt\u00e0 specifiche nell\u2019apprendere)<\/p>\n<p>Realizziamo attivit\u00e0 di rieducazione e terapia con il metodo di integrazione sensoriale, inoltre effettuiamo training delle capacit\u00e0 intellettuali dei bambini.<\/p>\n<p>\u00a0<\/p>\n<p>\u00a0<\/p>\n<p><strong>ATTIVITA PREVENTIVE<\/strong><\/p>\n<p><strong>\u00a0\u00a0\u00a0\u00a0 Svolgiamo gli workshop:<\/strong><\/p>\n<p><strong>&#8211;\u00a0\u00a0\u00a0\u00a0\u00a0\u00a0\u00a0\u00a0\u00a0\u00a0<\/strong><strong>per i genitori di bambini con sintomi di ADHD<\/strong><\/p>\n<p><strong>&#8211;\u00a0\u00a0\u00a0\u00a0\u00a0\u00a0\u00a0\u00a0\u00a0\u00a0<\/strong><strong>sul contenimento dell\u2019aggressivit\u00e0, prevenendo disturbi emotivi, dipendenze e disadattamento nella societ\u00e0 (per bambini e ragazzi)<\/strong><\/p>\n<p><strong>&#8211;\u00a0\u00a0\u00a0\u00a0\u00a0\u00a0\u00a0\u00a0\u00a0\u00a0<\/strong><strong>sulla sopportazione dello stress (per i bambini e ragazzi)<\/strong><\/p>\n<p>\u00a0<\/p>\n<p><strong>CONSULENZA<\/strong><\/p>\n<p><strong>Il nostro servizio di assistenza alla famiglia nell\u2019ambito:<\/strong><\/p>\n<p><strong>&#8211;\u00a0\u00a0\u00a0\u00a0\u00a0\u00a0\u00a0\u00a0\u00a0\u00a0<\/strong><strong>della soluzione dei problemi di educazione<\/strong><\/p>\n<p><strong>&#8211;\u00a0\u00a0\u00a0\u00a0\u00a0\u00a0\u00a0\u00a0\u00a0\u00a0<\/strong><strong>di risoluzione dei conflitti in famiglia<\/strong><\/p>\n<p><strong>&#8211;\u00a0\u00a0\u00a0\u00a0\u00a0\u00a0\u00a0\u00a0\u00a0\u00a0<\/strong><strong>del supporto dello sviluppo dei bambini e ragazzi<\/strong><\/p>\n<p><strong>&#8211;\u00a0\u00a0\u00a0\u00a0\u00a0\u00a0\u00a0\u00a0\u00a0\u00a0<\/strong><strong>dei metodi di apprendimento efficaci<\/strong><\/p>\n<p><strong>&#8211;\u00a0\u00a0\u00a0\u00a0\u00a0\u00a0\u00a0\u00a0\u00a0\u00a0<\/strong><strong>del superamento delle difficolt\u00e0 di apprendimento<\/strong><\/p>\n<p><strong>&#8211;\u00a0\u00a0\u00a0\u00a0\u00a0\u00a0\u00a0\u00a0\u00a0\u00a0<\/strong><strong>di riconoscere le capacit\u00e0 particolari<\/strong><\/p>\n<p><strong>&#8211;\u00a0\u00a0\u00a0\u00a0\u00a0\u00a0\u00a0\u00a0\u00a0\u00a0<\/strong><strong>della scelta di indirizzo degli studi e del mestiere<\/strong><\/p>\n<p><strong>\u00a0<\/strong><\/p>\n<h2><strong>\u00a0ASSISTENZA TEL +48 518 717<\/strong><strong>\u00a0<\/strong><strong>077<\/strong><\/h2>\n<p>assistenza@scuolesalomon.pl<\/p>\n<\/div>\n<p>[\/et_pb_text][\/et_pb_column][\/et_pb_row][\/et_pb_section]<\/p>\n","protected":false},"excerpt":{"rendered":"<p>[et_pb_section bb_built=&#8221;1&#8243; _builder_version=&#8221;3.17.6&#8243;][et_pb_row custom_padding=&#8221;0|0px|27px|0px|false|false&#8221; _builder_version=&#8221;3.17.6&#8243;][et_pb_column type=&#8221;4_4&#8243;][et_pb_text _builder_version=&#8221;3.17.6&#8243;] SERVIZIO DI ASSISTENZA Sopportare la crescente pressione di ogni giorno \u00e8 per tanti bambini molto difficile e pu\u00f2 privarli di gioia. Con il nostro Servizio di Assistenza cerchiamo di aiutare i genitori dei bambini in et\u00e0 scolastica e gli allievi attraverso il sostegno del loro sviluppo e dell\u2019efficacia [&hellip;]<\/p>\n","protected":false},"author":1,"featured_media":0,"parent":0,"menu_order":0,"comment_status":"closed","ping_status":"closed","template":"","meta":{"_et_pb_use_builder":"on","_et_pb_old_content":""},"_links":{"self":[{"href":"https:\/\/szkolysalomon.pl\/index.php\/wp-json\/wp\/v2\/pages\/817"}],"collection":[{"href":"https:\/\/szkolysalomon.pl\/index.php\/wp-json\/wp\/v2\/pages"}],"about":[{"href":"https:\/\/szkolysalomon.pl\/index.php\/wp-json\/wp\/v2\/types\/page"}],"author":[{"embeddable":true,"href":"https:\/\/szkolysalomon.pl\/index.php\/wp-json\/wp\/v2\/users\/1"}],"replies":[{"embeddable":true,"href":"https:\/\/szkolysalomon.pl\/index.php\/wp-json\/wp\/v2\/comments?post=817"}],"version-history":[{"count":1,"href":"https:\/\/szkolysalomon.pl\/index.php\/wp-json\/wp\/v2\/pages\/817\/revisions"}],"predecessor-version":[{"id":818,"href":"https:\/\/szkolysalomon.pl\/index.php\/wp-json\/wp\/v2\/pages\/817\/revisions\/818"}],"wp:attachment":[{"href":"https:\/\/szkolysalomon.pl\/index.php\/wp-json\/wp\/v2\/media?parent=817"}],"curies":[{"name":"wp","href":"https:\/\/api.w.org\/{rel}","templated":true}]}}