{"id":7,"date":"2019-04-20T16:20:55","date_gmt":"2019-04-20T14:20:55","guid":{"rendered":"http:\/\/serwer1421977.home.pl\/kwiecien19\/like\/index.php\/liceum\/"},"modified":"2019-04-28T11:05:47","modified_gmt":"2019-04-28T09:05:47","slug":"liceum","status":"publish","type":"page","link":"https:\/\/szkolysalomon.pl\/index.php\/liceum\/","title":{"rendered":"LICEUM"},"content":{"rendered":"<p>[et_pb_section fb_built=&#8221;1&#8243; _builder_version=&#8221;3.17.6&#8243;][et_pb_row _builder_version=&#8221;3.17.6&#8243; custom_padding=&#8221;0|0px|27px|0px|false|false&#8221;][et_pb_column type=&#8221;4_4&#8243; _builder_version=&#8221;3.17.6&#8243; parallax=&#8221;off&#8221; parallax_method=&#8221;on&#8221;][et_pb_text _builder_version=&#8221;3.17.6&#8243;]<\/p>\n<h1>LICEUM<\/h1>\n<div class=\"box_newtxt\">\n<p>Kszta\u0142cimy w klasach I-III.<\/p>\n<p>Realizujemy program obowi\u0105zuj\u0105cy zgodnie z podstaw\u0105 programow\u0105 MEN, przygotowujemy do matury oraz na studia.<\/p>\n<p>Praca odbywa si\u0119 w du\u017cej mierze poprzez system kurs\u00f3w (w postaci wyk\u0142ad\u00f3w, warsztat\u00f3w, e-learningu, konsultacji) na zr\u00f3\u017cnicowanych poziomach, zgodnie z indywidualnymi potrzebami uczni\u00f3w.<\/p>\n<p>Kursy rozszerzone z poszczeg\u00f3lnych przedmiot\u00f3w prowadzone s\u0105 zgodnie z preferencjami uczni\u00f3w \u2013 zw\u0142aszcza w klasie maturalnej. \u0106wiczymy sprawno\u015b\u0107 rozwi\u0105zywania test\u00f3w niezb\u0119dn\u0105 do zdania matury, jednocze\u015bnie jednak w dalszym ci\u0105gu staramy si\u0119 wspiera\u0107 u uczni\u00f3w dociekliwo\u015b\u0107 i samodzielne my\u015blenie.<\/p>\n<p><a href=\"http:\/\/serwer47456.lh.pl\/salomon\/materialy\/_upload\/STATUT_LICEUM_OGOLNOKSZTALCACEGO_SALOMON.pdf\"><img loading=\"lazy\" src=\"http:\/\/serwer1421977.home.pl\/kwiecien19\/like\/wp-content\/uploads\/2019\/04\/pdf.png\" width=\"21\" height=\"24\" alt=\"\" class=\"wp-image-51 alignnone size-full\" \/>STATUT<\/a><\/p>\n<p><a href=\"http:\/\/serwer47456.lh.pl\/salomon\/materialy\/_upload\/LICEUM\/Ankieta_liceum_ogolnoksztalcace_26.pdf\"><img loading=\"lazy\" src=\"http:\/\/serwer1421977.home.pl\/kwiecien19\/like\/wp-content\/uploads\/2019\/04\/pdf.png\" width=\"21\" height=\"24\" alt=\"\" class=\"wp-image-51 alignnone size-full\" \/>ANKIETA NA TEMAT UCZNIA FORMAT PDF<\/a><\/p>\n<p><a href=\"http:\/\/serwer47456.lh.pl\/salomon\/materialy\/_upload\/LICEUM\/Ankieta_liceum_ogolnoksztalcace_26.docx\"><\/a><a href=\"http:\/\/serwer47456.lh.pl\/salomon\/materialy\/_upload\/LICEUM\/Ankieta_liceum_ogolnoksztalcace_26.pdf\"><img loading=\"lazy\" src=\"http:\/\/serwer1421977.home.pl\/kwiecien19\/like\/wp-content\/uploads\/2019\/04\/pdf.png\" width=\"21\" height=\"24\" alt=\"\" class=\"wp-image-51 alignnone size-full\" \/><\/a><a href=\"http:\/\/serwer47456.lh.pl\/salomon\/materialy\/_upload\/LICEUM\/Ankieta_liceum_ogolnoksztalcace_26.docx\">ANKIETA NA TEMAT UCZNIA FORMAT DOCX<\/a><\/p>\n<p><a href=\"http:\/\/serwer47456.lh.pl\/salomon\/materialy\/_upload\/LICEUM\/Wniosek_liceum_ogolnoksztalcace_26.pdf\"><img loading=\"lazy\" src=\"http:\/\/serwer1421977.home.pl\/kwiecien19\/like\/wp-content\/uploads\/2019\/04\/pdf.png\" width=\"21\" height=\"24\" alt=\"\" class=\"wp-image-51 alignnone size-full\" \/>WNIOSEK O REALIZACJI OBOWI\u0104ZKU NAUKI POZA SZKO\u0141\u0104 PDF<\/a><br \/> <a href=\"http:\/\/serwer47456.lh.pl\/salomon\/materialy\/_upload\/LICEUM\/Wniosek_liceum_ogolnoksztalcace_26.docx\">WNIOSEK O REALIZACJI OBOWI\u0104ZKU NAUKI POZA SZKO\u0141\u0104 DOCX<\/a><\/p>\n<p><a href=\"http:\/\/serwer47456.lh.pl\/salomon\/materialy\/_upload\/2015\/niezbednik_men.pdf\"><img loading=\"lazy\" src=\"http:\/\/serwer1421977.home.pl\/kwiecien19\/like\/wp-content\/uploads\/2019\/04\/pdf.png\" width=\"21\" height=\"24\" alt=\"\" class=\"wp-image-51 alignnone size-full\" \/>NIEZB\u0118DNIK MEN<\/a><br \/> <a href=\"http:\/\/www.cke.edu.pl\/images\/_KOMUNIKATY\/20150427_Harmonogram_egzamin%C3%B3w_w_2016_r.pdf\"><img loading=\"lazy\" src=\"http:\/\/serwer1421977.home.pl\/kwiecien19\/like\/wp-content\/uploads\/2019\/04\/pdf.png\" width=\"21\" height=\"24\" alt=\"\" class=\"wp-image-51 alignnone size-full\" \/>HARMONOGRAM EGZAMIN\u00d3W 2016<\/a><\/p>\n<p><a href=\"http:\/\/serwer47456.lh.pl\/salomon\/materialy\/_upload\/2015\/Podreczniki_LO(1).pdf\"><img loading=\"lazy\" src=\"http:\/\/serwer1421977.home.pl\/kwiecien19\/like\/wp-content\/uploads\/2019\/04\/pdf.png\" width=\"21\" height=\"24\" alt=\"\" class=\"wp-image-51 alignnone size-full\" \/>WYKAZ PODR\u0118CZNIK\u00d3W 2015\/16<\/a><\/p>\n<p><a href=\"http:\/\/serwer47456.lh.pl\/salomon\/materialy\/_upload\/GIMNAZJUM\/rozporzadzenie_gim_lo.pdf\"><img loading=\"lazy\" src=\"http:\/\/serwer1421977.home.pl\/kwiecien19\/like\/wp-content\/uploads\/2019\/04\/pdf.png\" width=\"21\" height=\"24\" alt=\"\" class=\"wp-image-51 alignnone size-full\" \/><span>Rozporz\u0105dzenie w sprawie podstawy programowej kszta\u0142cenia og\u00f3lnego dla gimnazjum i szk\u00f3\u0142 ponadgimnazjalnych<\/span><\/a><br \/> <a href=\"http:\/\/serwer47456.lh.pl\/salomon\/materialy\/_upload\/LICEUM\/podstawa_programowa_gmnazjum_szkoly_ponadgimnazjalne.pdf\"><img loading=\"lazy\" src=\"http:\/\/serwer1421977.home.pl\/kwiecien19\/like\/wp-content\/uploads\/2019\/04\/pdf.png\" width=\"21\" height=\"24\" alt=\"\" class=\"wp-image-51 alignnone size-full\" \/><span>Podstawa programowa kszta\u0142cenia og\u00f3lnego dla liceum<\/span><\/a><\/p>\n<p>&nbsp;<\/p>\n<p><strong>\u00a0 \u00a0 \u00a0 MATURA 2016<\/strong><\/p>\n<p><a href=\"http:\/\/serwer47456.lh.pl\/salomon\/materialy\/_upload\/Zal-1a_N-Deklaracja-NF-Standard.pdf\"><img loading=\"lazy\" src=\"http:\/\/serwer1421977.home.pl\/kwiecien19\/like\/wp-content\/uploads\/2019\/04\/pdf.png\" width=\"21\" height=\"24\" alt=\"\" class=\"wp-image-51 alignnone size-full\" \/>WZ\u00d3R DEKLARACJI MATURALNEJ DLA ABSOLWENT\u00d3W W ROKU 2015\/16<br \/> ORAZ 2014\/15<\/a><br \/> <a href=\"http:\/\/www.cke.edu.pl\/index.php\/egzamin-maturalny-left\/egzamin-w-nowej-formule\/23-egzamin-maturalny\/342-informatory\">INFORMATORY MATURALNE<\/a><\/p>\n<p><strong>\u00a0 \u00a0 \u00a0 ROZSZERZENIA I EGZAMINY<\/strong><\/p>\n<p><a href=\"http:\/\/serwer47456.lh.pl\/salomon\/materialy\/_upload\/2015\/egzaminy_klasyfikacyjne_lo(1).pdf\"><img loading=\"lazy\" src=\"http:\/\/serwer1421977.home.pl\/kwiecien19\/like\/wp-content\/uploads\/2019\/04\/pdf.png\" width=\"21\" height=\"24\" alt=\"\" class=\"wp-image-51 alignnone size-full\" \/>EGZAMINY KLASYFIKACYJNE<\/a><\/p>\n<p><strong>\u00a0\u00a0\u00a0\u00a0\u00a0 MATURA 2015<\/strong><\/p>\n<p><a href=\"http:\/\/serwer47456.lh.pl\/salomon\/materialy\/_upload\/20140903_Procedury_Matura_2015_LO.pdf\"><img loading=\"lazy\" src=\"http:\/\/serwer1421977.home.pl\/kwiecien19\/like\/wp-content\/uploads\/2019\/04\/pdf.png\" width=\"21\" height=\"24\" alt=\"\" class=\"wp-image-51 alignnone size-full\" \/>PROCEDURY EGZAMINU MATURALNEGO 2014\/2015<\/a><\/p>\n<p><a href=\"http:\/\/serwer47456.lh.pl\/salomon\/materialy\/_upload\/LICEUM\/20150304_Komunikat_o_przyborach_matura_2015.pdf\"><img loading=\"lazy\" src=\"http:\/\/serwer1421977.home.pl\/kwiecien19\/like\/wp-content\/uploads\/2019\/04\/pdf.png\" width=\"21\" height=\"24\" alt=\"\" class=\"wp-image-51 alignnone size-full\" \/><span>INFORMACJA DLA MATURZYSTY<\/span><\/a><\/p>\n<p>&nbsp;<\/p>\n<p>&nbsp;<\/p>\n<p><strong>\u00a0 \u00a0 \u00a0 PROGRAMY NAUCZANIA<\/strong><\/p>\n<p><a href=\"http:\/\/serwer47456.lh.pl\/salomon\/materialy\/_upload\/LICEUM\/JEZYK_POLSKI.doc\"><\/a><a href=\"http:\/\/serwer47456.lh.pl\/salomon\/materialy\/_upload\/LICEUM\/Ankieta_liceum_ogolnoksztalcace_26.pdf\"><img loading=\"lazy\" src=\"http:\/\/serwer1421977.home.pl\/kwiecien19\/like\/wp-content\/uploads\/2019\/04\/pdf.png\" width=\"21\" height=\"24\" alt=\"\" class=\"wp-image-51 alignnone size-full\" \/><\/a><a href=\"http:\/\/serwer47456.lh.pl\/salomon\/materialy\/_upload\/LICEUM\/JEZYK_POLSKI.doc\">J\u0118ZYK POLSKI<\/a><br \/> <a href=\"http:\/\/serwer47456.lh.pl\/salomon\/materialy\/_upload\/noweLO\/program_nauczania_j.pdf\"><img loading=\"lazy\" src=\"http:\/\/serwer1421977.home.pl\/kwiecien19\/like\/wp-content\/uploads\/2019\/04\/pdf.png\" width=\"21\" height=\"24\" alt=\"\" class=\"wp-image-51 alignnone size-full\" \/>J\u0118ZYK ANGIELSKI<\/a><br \/> <a href=\"http:\/\/serwer47456.lh.pl\/salomon\/materialy\/_upload\/noweLO\/Program_nauczania_jezyk_rosyjs.pdf\"><img loading=\"lazy\" src=\"http:\/\/serwer1421977.home.pl\/kwiecien19\/like\/wp-content\/uploads\/2019\/04\/pdf.png\" width=\"21\" height=\"24\" alt=\"\" class=\"wp-image-51 alignnone size-full\" \/>J\u0118ZYK ROSYJSKI<\/a><br \/> <a href=\"http:\/\/serwer47456.lh.pl\/salomon\/materialy\/_upload\/noweLO\/Program_nauczania_jezyka_hiszpanskiego.pdf\"><img loading=\"lazy\" src=\"http:\/\/serwer1421977.home.pl\/kwiecien19\/like\/wp-content\/uploads\/2019\/04\/pdf.png\" width=\"21\" height=\"24\" alt=\"\" class=\"wp-image-51 alignnone size-full\" \/>J\u0118ZYK HISZPA\u0143SKI<\/a><br \/> <a href=\"http:\/\/serwer47456.lh.pl\/salomon\/materialy\/_upload\/noweLO\/program_nauczania_jezyka_wloskiego__poziom_IV_-_Ital_iano_pronti_via.pdf\"><img loading=\"lazy\" src=\"http:\/\/serwer1421977.home.pl\/kwiecien19\/like\/wp-content\/uploads\/2019\/04\/pdf.png\" width=\"21\" height=\"24\" alt=\"\" class=\"wp-image-51 alignnone size-full\" \/>J\u0118ZYK W\u0141OSKI<\/a><br \/> <a href=\"http:\/\/serwer47456.lh.pl\/salomon\/materialy\/_upload\/noweLO\/program-nauczania-j.pdf\"><img loading=\"lazy\" src=\"http:\/\/serwer1421977.home.pl\/kwiecien19\/like\/wp-content\/uploads\/2019\/04\/pdf.png\" width=\"21\" height=\"24\" alt=\"\" class=\"wp-image-51 alignnone size-full\" \/>J\u0118ZYK NIEMIECKI<\/a><br \/> <a href=\"http:\/\/serwer47456.lh.pl\/salomon\/materialy\/_upload\/LICEUM\/Ankieta_liceum_ogolnoksztalcace_26.pdf\"><img loading=\"lazy\" src=\"http:\/\/serwer1421977.home.pl\/kwiecien19\/like\/wp-content\/uploads\/2019\/04\/pdf.png\" width=\"21\" height=\"24\" alt=\"\" class=\"wp-image-51 alignnone size-full\" \/><\/a><a href=\"http:\/\/serwer47456.lh.pl\/salomon\/materialy\/_upload\/noweLO\/Program-nauczania-jezyka-francuskiego-w-szkolach-ponadgimnazjalnych-nowa-wersja-dostosowana-do-wymagan-podstawy-programowej-IV-0-i-IV-1.doc\">J\u0118ZYK FRANCUSKI<\/a><br \/> <a href=\"http:\/\/serwer47456.lh.pl\/salomon\/materialy\/_upload\/LICEUM\/Ankieta_liceum_ogolnoksztalcace_26.pdf\"><img loading=\"lazy\" src=\"http:\/\/serwer1421977.home.pl\/kwiecien19\/like\/wp-content\/uploads\/2019\/04\/pdf.png\" width=\"21\" height=\"24\" alt=\"\" class=\"wp-image-51 alignnone size-full\" \/><\/a><a href=\"http:\/\/serwer47456.lh.pl\/salomon\/materialy\/_upload\/LICEUM\/HIS_I_SPOL_PODST.doc\">HISTORIA I SPO\u0141ECZE\u0143STWO<\/a><br \/> <a href=\"http:\/\/serwer47456.lh.pl\/salomon\/materialy\/_upload\/LICEUM\/CHEMAI-PODST.doc\"><\/a><a href=\"http:\/\/serwer47456.lh.pl\/salomon\/materialy\/_upload\/LICEUM\/Ankieta_liceum_ogolnoksztalcace_26.pdf\"><img loading=\"lazy\" src=\"http:\/\/serwer1421977.home.pl\/kwiecien19\/like\/wp-content\/uploads\/2019\/04\/pdf.png\" width=\"21\" height=\"24\" alt=\"\" class=\"wp-image-51 alignnone size-full\" \/><\/a><a href=\"http:\/\/serwer47456.lh.pl\/salomon\/materialy\/_upload\/LICEUM\/CHEMAI-PODST.doc\">CHEMIA &#8211; ZESTAW PODSTAWOWY<\/a><br \/> <a href=\"http:\/\/serwer47456.lh.pl\/salomon\/materialy\/_upload\/LICEUM\/CHEMIA-ROZ.doc\"><\/a><a href=\"http:\/\/serwer47456.lh.pl\/salomon\/materialy\/_upload\/LICEUM\/Ankieta_liceum_ogolnoksztalcace_26.pdf\"><img loading=\"lazy\" src=\"http:\/\/serwer1421977.home.pl\/kwiecien19\/like\/wp-content\/uploads\/2019\/04\/pdf.png\" width=\"21\" height=\"24\" alt=\"\" class=\"wp-image-51 alignnone size-full\" \/><\/a><a href=\"http:\/\/serwer47456.lh.pl\/salomon\/materialy\/_upload\/LICEUM\/CHEMIA-ROZ.doc\">CHEMIA &#8211; ZESTAW ROZSZERZONY<\/a><br \/> <a href=\"http:\/\/serwer47456.lh.pl\/salomon\/materialy\/_upload\/LICEUM\/Ankieta_liceum_ogolnoksztalcace_26.pdf\"><img loading=\"lazy\" src=\"http:\/\/serwer1421977.home.pl\/kwiecien19\/like\/wp-content\/uploads\/2019\/04\/pdf.png\" width=\"21\" height=\"24\" alt=\"\" class=\"wp-image-51 alignnone size-full\" \/><\/a><a href=\"http:\/\/serwer47456.lh.pl\/salomon\/materialy\/_upload\/LICEUM\/BIOLOGIA-PODST.doc\">BIOLOGIA &#8211; ZESTAW PODSTAWOWY<\/a><br \/> <a href=\"http:\/\/serwer47456.lh.pl\/salomon\/materialy\/_upload\/LICEUM\/BIOLOGIA-ROZSZERZ.docx\"><\/a><a href=\"http:\/\/serwer47456.lh.pl\/salomon\/materialy\/_upload\/LICEUM\/Ankieta_liceum_ogolnoksztalcace_26.pdf\"><img loading=\"lazy\" src=\"http:\/\/serwer1421977.home.pl\/kwiecien19\/like\/wp-content\/uploads\/2019\/04\/pdf.png\" width=\"21\" height=\"24\" alt=\"\" class=\"wp-image-51 alignnone size-full\" \/><\/a><a href=\"http:\/\/serwer47456.lh.pl\/salomon\/materialy\/_upload\/LICEUM\/BIOLOGIA-ROZSZERZ.docx\">BIOLOGIA &#8211; ZESTAW ROZSZERZONY<\/a><br \/> <a href=\"http:\/\/serwer47456.lh.pl\/salomon\/materialy\/_upload\/LICEUM\/Ankieta_liceum_ogolnoksztalcace_26.pdf\"><img loading=\"lazy\" src=\"http:\/\/serwer1421977.home.pl\/kwiecien19\/like\/wp-content\/uploads\/2019\/04\/pdf.png\" width=\"21\" height=\"24\" alt=\"\" class=\"wp-image-51 alignnone size-full\" \/><\/a><a href=\"http:\/\/serwer47456.lh.pl\/salomon\/materialy\/_upload\/LICEUM\/EDU_DLA_BEZP.doc\">EDUKACJA DLA BEZPIECZE\u0143STWA<\/a><br \/> <a href=\"http:\/\/serwer47456.lh.pl\/salomon\/materialy\/_upload\/LICEUM\/HISTORIA_-PODST.doc\"><\/a><a href=\"http:\/\/serwer47456.lh.pl\/salomon\/materialy\/_upload\/LICEUM\/Ankieta_liceum_ogolnoksztalcace_26.pdf\"><img loading=\"lazy\" src=\"http:\/\/serwer1421977.home.pl\/kwiecien19\/like\/wp-content\/uploads\/2019\/04\/pdf.png\" width=\"21\" height=\"24\" alt=\"\" class=\"wp-image-51 alignnone size-full\" \/><\/a><a href=\"http:\/\/serwer47456.lh.pl\/salomon\/materialy\/_upload\/LICEUM\/HISTORIA_-PODST.doc\">HISTORIA &#8211; ZESTAW PODSTAWOWY<\/a><br \/> <a href=\"http:\/\/serwer47456.lh.pl\/salomon\/materialy\/_upload\/LICEUM\/Ankieta_liceum_ogolnoksztalcace_26.pdf\"><img loading=\"lazy\" src=\"http:\/\/serwer1421977.home.pl\/kwiecien19\/like\/wp-content\/uploads\/2019\/04\/pdf.png\" width=\"21\" height=\"24\" alt=\"\" class=\"wp-image-51 alignnone size-full\" \/><\/a><a href=\"http:\/\/serwer47456.lh.pl\/salomon\/materialy\/_upload\/LICEUM\/HISTORIA_ROZ.doc\">HISTORIA &#8211; ZESTAW ROZSZERZONY<\/a><br \/> <a href=\"http:\/\/serwer47456.lh.pl\/salomon\/materialy\/_upload\/LICEUM\/Ankieta_liceum_ogolnoksztalcace_26.pdf\"><img loading=\"lazy\" src=\"http:\/\/serwer1421977.home.pl\/kwiecien19\/like\/wp-content\/uploads\/2019\/04\/pdf.png\" width=\"21\" height=\"24\" alt=\"\" class=\"wp-image-51 alignnone size-full\" \/><\/a><a href=\"http:\/\/serwer47456.lh.pl\/salomon\/materialy\/_upload\/LICEUM\/INFOR_PODST.doc\">INFORMATYKA &#8211; ZESTAW PODSTAWOWY<\/a><br \/> <a href=\"http:\/\/serwer47456.lh.pl\/salomon\/materialy\/_upload\/LICEUM\/Ankieta_liceum_ogolnoksztalcace_26.pdf\"><img loading=\"lazy\" src=\"http:\/\/serwer1421977.home.pl\/kwiecien19\/like\/wp-content\/uploads\/2019\/04\/pdf.png\" width=\"21\" height=\"24\" alt=\"\" class=\"wp-image-51 alignnone size-full\" \/><\/a><a href=\"http:\/\/serwer47456.lh.pl\/salomon\/materialy\/_upload\/LICEUM\/INFORMAT_ROZ.doc\">INFORMATYKA &#8211; ZESTAW ROZSZERZONY<\/a><br \/> <a href=\"http:\/\/serwer47456.lh.pl\/salomon\/materialy\/_upload\/LICEUM\/Ankieta_liceum_ogolnoksztalcace_26.pdf\"><img loading=\"lazy\" src=\"http:\/\/serwer1421977.home.pl\/kwiecien19\/like\/wp-content\/uploads\/2019\/04\/pdf.png\" width=\"21\" height=\"24\" alt=\"\" class=\"wp-image-51 alignnone size-full\" \/><\/a><a href=\"http:\/\/serwer47456.lh.pl\/salomon\/materialy\/_upload\/LICEUM\/PRZYRODA.docx\">PRZYRODA<\/a><\/p>\n<p><a href=\"mailto:liceum%20@%20szkolysalomon.pl\"><\/a><\/p>\n<\/div>\n<p>[\/et_pb_text][\/et_pb_column][\/et_pb_row][\/et_pb_section]<\/p>\n","protected":false},"excerpt":{"rendered":"<p>[et_pb_section fb_built=&#8221;1&#8243; _builder_version=&#8221;3.17.6&#8243;][et_pb_row _builder_version=&#8221;3.17.6&#8243; custom_padding=&#8221;0|0px|27px|0px|false|false&#8221;][et_pb_column type=&#8221;4_4&#8243; _builder_version=&#8221;3.17.6&#8243; parallax=&#8221;off&#8221; parallax_method=&#8221;on&#8221;][et_pb_text _builder_version=&#8221;3.17.6&#8243;] LICEUM Kszta\u0142cimy w klasach I-III. Realizujemy program obowi\u0105zuj\u0105cy zgodnie z podstaw\u0105 programow\u0105 MEN, przygotowujemy do matury oraz na studia. Praca odbywa si\u0119 w du\u017cej mierze poprzez system kurs\u00f3w (w postaci wyk\u0142ad\u00f3w, warsztat\u00f3w, e-learningu, konsultacji) na zr\u00f3\u017cnicowanych poziomach, zgodnie z indywidualnymi potrzebami uczni\u00f3w. Kursy rozszerzone z [&hellip;]<\/p>\n","protected":false},"author":1,"featured_media":0,"parent":0,"menu_order":0,"comment_status":"closed","ping_status":"closed","template":"","meta":{"_et_pb_use_builder":"on","_et_pb_old_content":""},"_links":{"self":[{"href":"https:\/\/szkolysalomon.pl\/index.php\/wp-json\/wp\/v2\/pages\/7"}],"collection":[{"href":"https:\/\/szkolysalomon.pl\/index.php\/wp-json\/wp\/v2\/pages"}],"about":[{"href":"https:\/\/szkolysalomon.pl\/index.php\/wp-json\/wp\/v2\/types\/page"}],"author":[{"embeddable":true,"href":"https:\/\/szkolysalomon.pl\/index.php\/wp-json\/wp\/v2\/users\/1"}],"replies":[{"embeddable":true,"href":"https:\/\/szkolysalomon.pl\/index.php\/wp-json\/wp\/v2\/comments?post=7"}],"version-history":[{"count":2,"href":"https:\/\/szkolysalomon.pl\/index.php\/wp-json\/wp\/v2\/pages\/7\/revisions"}],"predecessor-version":[{"id":59,"href":"https:\/\/szkolysalomon.pl\/index.php\/wp-json\/wp\/v2\/pages\/7\/revisions\/59"}],"wp:attachment":[{"href":"https:\/\/szkolysalomon.pl\/index.php\/wp-json\/wp\/v2\/media?parent=7"}],"curies":[{"name":"wp","href":"https:\/\/api.w.org\/{rel}","templated":true}]}}