{"id":677,"date":"2019-04-28T17:51:19","date_gmt":"2019-04-28T15:51:19","guid":{"rendered":"http:\/\/serwer1421977.home.pl\/kwiecien19\/like\/?page_id=677"},"modified":"2019-04-28T17:51:19","modified_gmt":"2019-04-28T15:51:19","slug":"sur-lecole","status":"publish","type":"page","link":"https:\/\/szkolysalomon.pl\/index.php\/fr\/sur-lecole\/","title":{"rendered":"SUR L\u2019\u00c9COLE"},"content":{"rendered":"<p>[et_pb_section bb_built=&#8221;1&#8243; _builder_version=&#8221;3.17.6&#8243;][et_pb_row _builder_version=&#8221;3.17.6&#8243; custom_padding=&#8221;0|0px|27px|0px|false|false&#8221;][et_pb_column type=&#8221;4_4&#8243;][et_pb_text background_blend=&#8221;overlay&#8221; _builder_version=&#8221;3.17.6&#8243; background_image=&#8221;http:\/\/serwer1421977.home.pl\/kwiecien19\/like\/wp-content\/uploads\/2019\/04\/6.jpg&#8221; background_color=&#8221;rgba(255,255,255,0.66)&#8221; text_text_color=&#8221;#000000&#8243; custom_padding=&#8221;25px|25px|25px|25px|true|true&#8221;]<\/p>\n<h1>SUR L\u2019\u00c9COLE \/<\/h1>\n<p>La famille est le lieu naturel pour le d\u00e9veloppement de l\u2019enfant et les parents deviennent ses premiers \u00e9ducateurs.<\/p>\n<p>L\u2019\u00e9cole est cens\u00e9e soutenir la famille dans la fonction de la transmission des connaissances et de ses activit\u00e9s \u00e9ducatives, d\u2019o\u00f9 la n\u00e9cessit\u00e9 d\u2019une coop\u00e9ration entre l\u2019\u00e9cole et la maison. Les valeurs et les traditions que les enfants portent de la maison devraient trouver \u00e0 l\u2019\u00e9cole la confirmation et le renforcement. Alors, l\u2019enfant est libre de grandir et de se d\u00e9velopper en toute s\u00e9curit\u00e9.<br \/>L\u2019homme moderne est expos\u00e9 \u00e0 une grande quantit\u00e9 d\u2019informations et d\u2019exp\u00e9riences diverses issues d\u2019une vari\u00e9t\u00e9 de sources, y compris celles qui sont al\u00e9atoires.<br \/>L\u2019enfant dans cette situation est souvent vuln\u00e9rable et accepte sans discernement des messages contradictoires, ce qui introduit le chaos dans sa perception et sa compr\u00e9hension du monde. L\u2019\u00e9cole, avec la maison familiale, aide l\u2019enfant \u00e0 ranger cette image du monde afin qu\u2019elle soit compatible avec le monde des valeurs.<\/p>\n<p>Ce qui est particuli\u00e8rement important, c\u2019est le respect de la v\u00e9rit\u00e9. L\u2019\u00e9cole peut grandement aider la famille au\u00a0 d\u00e9veloppement personnel de l\u2019enfant en imposant des exigences encourageant \u00e0 former le caract\u00e8re, \u00e0 surmonter les difficult\u00e9s et \u00e0 atteindre les objectifs. L\u2019\u00e9cole est un lieu de rencontres multiples. Son r\u00f4le est particuli\u00e8rement pertinent dans le d\u00e9veloppement de l\u2019exp\u00e9rience li\u00e9e \u00e0 la coop\u00e9ration dans un groupe de pairs, et l\u2019entr\u00e9e dans le monde des droits et des obligations des citoyens. Les connaissances essentielles de sa propre histoire nationale, de la litt\u00e9rature et de la culture ainsi que de la nature nationale contribuent \u00e0 b\u00e2tir une attitude appropri\u00e9e de fiert\u00e9 de son propre pays et le d\u00e9sir de cultiver ses traditions dans l\u2019avenir.<br \/>Le d\u00e9veloppement d\u2019un jeune homme serait incomplet sans tenir compte de la dimension spirituelle. Cela n\u00e9cessite aussi de bons exemples et de l\u2019encouragement.<br \/>En particulier, nous attirons l\u2019attention sur une approche individuelle vers chaque \u00e9l\u00e8ve, en essayant de d\u00e9couvrir ses talents et l\u2019aider \u00e0 les d\u00e9velopper. Cela permet de construire une bonne estime de soi et de trouver sa place dans la communaut\u00e9 scolaire.<br \/>La gentillesse et la confiance manifest\u00e9e par les enseignants engendre la m\u00eame chose de la part des \u00e9l\u00e8ves, ce qui donne ainsi lieu \u00e0 un processus \u00e9ducatif et p\u00e9dagogique pleinement efficace.<\/p>\n<p>[\/et_pb_text][\/et_pb_column][\/et_pb_row][\/et_pb_section]<\/p>\n","protected":false},"excerpt":{"rendered":"<p>[et_pb_section bb_built=&#8221;1&#8243; _builder_version=&#8221;3.17.6&#8243;][et_pb_row _builder_version=&#8221;3.17.6&#8243; custom_padding=&#8221;0|0px|27px|0px|false|false&#8221;][et_pb_column type=&#8221;4_4&#8243;][et_pb_text background_blend=&#8221;overlay&#8221; _builder_version=&#8221;3.17.6&#8243; background_image=&#8221;http:\/\/serwer1421977.home.pl\/kwiecien19\/like\/wp-content\/uploads\/2019\/04\/6.jpg&#8221; background_color=&#8221;rgba(255,255,255,0.66)&#8221; text_text_color=&#8221;#000000&#8243; custom_padding=&#8221;25px|25px|25px|25px|true|true&#8221;] SUR L\u2019\u00c9COLE \/ La famille est le lieu naturel pour le d\u00e9veloppement de l\u2019enfant et les parents deviennent ses premiers \u00e9ducateurs. L\u2019\u00e9cole est cens\u00e9e soutenir la famille dans la fonction de la transmission des connaissances et de ses activit\u00e9s \u00e9ducatives, d\u2019o\u00f9 la n\u00e9cessit\u00e9 [&hellip;]<\/p>\n","protected":false},"author":1,"featured_media":0,"parent":0,"menu_order":0,"comment_status":"closed","ping_status":"closed","template":"","meta":{"_et_pb_use_builder":"on","_et_pb_old_content":""},"_links":{"self":[{"href":"https:\/\/szkolysalomon.pl\/index.php\/wp-json\/wp\/v2\/pages\/677"}],"collection":[{"href":"https:\/\/szkolysalomon.pl\/index.php\/wp-json\/wp\/v2\/pages"}],"about":[{"href":"https:\/\/szkolysalomon.pl\/index.php\/wp-json\/wp\/v2\/types\/page"}],"author":[{"embeddable":true,"href":"https:\/\/szkolysalomon.pl\/index.php\/wp-json\/wp\/v2\/users\/1"}],"replies":[{"embeddable":true,"href":"https:\/\/szkolysalomon.pl\/index.php\/wp-json\/wp\/v2\/comments?post=677"}],"version-history":[{"count":1,"href":"https:\/\/szkolysalomon.pl\/index.php\/wp-json\/wp\/v2\/pages\/677\/revisions"}],"predecessor-version":[{"id":678,"href":"https:\/\/szkolysalomon.pl\/index.php\/wp-json\/wp\/v2\/pages\/677\/revisions\/678"}],"wp:attachment":[{"href":"https:\/\/szkolysalomon.pl\/index.php\/wp-json\/wp\/v2\/media?parent=677"}],"curies":[{"name":"wp","href":"https:\/\/api.w.org\/{rel}","templated":true}]}}