{"id":671,"date":"2019-04-28T17:44:13","date_gmt":"2019-04-28T15:44:13","guid":{"rendered":"http:\/\/serwer1421977.home.pl\/kwiecien19\/like\/?page_id=671"},"modified":"2019-04-28T17:44:13","modified_gmt":"2019-04-28T15:44:13","slug":"lycee","status":"publish","type":"page","link":"https:\/\/szkolysalomon.pl\/index.php\/fr\/lycee\/","title":{"rendered":"LYC\u00c8E"},"content":{"rendered":"<p>[et_pb_section bb_built=&#8221;1&#8243; _builder_version=&#8221;3.17.6&#8243;][et_pb_row _builder_version=&#8221;3.17.6&#8243; custom_padding=&#8221;0|0px|27px|0px|false|false&#8221;][et_pb_column type=&#8221;4_4&#8243;][et_pb_text _builder_version=&#8221;3.17.6&#8243;]<\/p>\n<div class=\"box_newtxt\">\n<h1>LYC\u00c8E<\/h1>\n<div class=\"box_newtxt\">\n<p>Nous enseignons dans les classes I-III.<\/p>\n<p>Nous r\u00e9alisons le programme en conformit\u00e9 avec la base de programme applicable du MEN, nous pr\u00e9parons \u00e0 l\u2019examen de baccalaur\u00e9at et aux \u00e9tudes universitaires.<\/p>\n<p>Le travail se fait en grande partie par un syst\u00e8me de cours (sous la forme de conf\u00e9rences, ateliers, e-learning, consultations) \u00e0 diff\u00e9rents niveaux, conform\u00e9ment aux besoins individuels des \u00e9l\u00e8ves.<\/p>\n<p>Les cours avanc\u00e9s dans chaque discipline sont effectu\u00e9s selon les pr\u00e9f\u00e9rences des \u00e9l\u00e8ves \u2013 en particulier dans la classe terminale. Nous pratiquons la capacit\u00e9 de faire des tests requise pour passer le baccalaur\u00e9at, mais aussi continuons \u00e0 soutenir la curiosit\u00e9 intellectuelle et la pens\u00e9e ind\u00e9pendante chez les \u00e9l\u00e8ves.<\/p>\n<p><a href=\"http:\/\/serwer47456.lh.pl\/salomon\/wp-content\/uploads\/2013\/08\/statut-liceum2.pdf\" target=\"_blank\" rel=\"noopener noreferrer\"><img loading=\"lazy\" class=\"alignnone wp-image-51 size-full\" src=\"http:\/\/serwer1421977.home.pl\/kwiecien19\/like\/wp-content\/uploads\/2019\/04\/pdf.png\" alt=\"\" width=\"21\" height=\"24\" \/>STATUT<\/a><\/p>\n<p><a href=\"http:\/\/serwer47456.lh.pl\/salomon\/wp-content\/uploads\/2013\/08\/Instrukcja_kancelaryjna_Liceum_Ogolnokszta%C5%82cace_Salomon_2013.pdf\" target=\"_blank\" rel=\"noopener noreferrer\"><img loading=\"lazy\" class=\"alignnone wp-image-51 size-full\" src=\"http:\/\/serwer1421977.home.pl\/kwiecien19\/like\/wp-content\/uploads\/2019\/04\/pdf.png\" alt=\"\" width=\"21\" height=\"24\" \/>INSTRUCTION POUR LE LYC\u00c9E<\/a><br \/><a href=\"http:\/\/serwer47456.lh.pl\/salomon\/wp-content\/uploads\/2013\/08\/rzeczowy_wykaz_akt_Liceum_Ogolnoksztalcace_Salomon_2013.pdf\" target=\"_blank\" rel=\"noopener noreferrer\"><img loading=\"lazy\" class=\"alignnone wp-image-51 size-full\" src=\"http:\/\/serwer1421977.home.pl\/kwiecien19\/like\/wp-content\/uploads\/2019\/04\/pdf.png\" alt=\"\" width=\"21\" height=\"24\" \/>LISTE D\u2019ACTES POUR LE\u00a0LYC\u00c9E<\/a><br \/><a href=\"http:\/\/serwer47456.lh.pl\/salomon\/wp-content\/uploads\/2013\/08\/szkolne-programy-nauczania-Liceum-Og%C3%B3lnokszta%C5%82c%C4%85ce-Salomon-2013.20141.pdf\" target=\"_blank\" rel=\"noopener noreferrer\"><img loading=\"lazy\" class=\"alignnone wp-image-51 size-full\" src=\"http:\/\/serwer1421977.home.pl\/kwiecien19\/like\/wp-content\/uploads\/2019\/04\/pdf.png\" alt=\"\" width=\"21\" height=\"24\" \/>PROGRAMMES D\u2019ENSEIGNEMENT DU LYC\u00c9E<\/a><br \/><a href=\"http:\/\/serwer47456.lh.pl\/salomon\/wp-content\/uploads\/2013\/08\/szkolne-zestawy-podr%C4%99cznik%C3%B3w-Liceum-Og%C3%B3lnokszta%C5%82c%C4%85ce-Salomon-2013.2014.pdf\" target=\"_blank\" rel=\"noopener noreferrer\"><img loading=\"lazy\" class=\"alignnone wp-image-51 size-full\" src=\"http:\/\/serwer1421977.home.pl\/kwiecien19\/like\/wp-content\/uploads\/2019\/04\/pdf.png\" alt=\"\" width=\"21\" height=\"24\" \/>LISTE DE MANUELS POUR LE\u00a0LYC\u00c9E<\/a><br \/><a href=\"http:\/\/serwer47456.lh.pl\/salomon\/wp-content\/uploads\/2013\/08\/Szkolne_plany_nauczania_Liceum_Ogolnoksztalcace_Salomon_2013.2014.pdf\" target=\"_blank\" rel=\"noopener noreferrer\"><img loading=\"lazy\" class=\"alignnone wp-image-51 size-full\" src=\"http:\/\/serwer1421977.home.pl\/kwiecien19\/like\/wp-content\/uploads\/2019\/04\/pdf.png\" alt=\"\" width=\"21\" height=\"24\" \/>LISTE DE PROGRAMMES DU LYC\u00c9E<\/a><br \/><a href=\"http:\/\/serwer47456.lh.pl\/salomon\/wp-content\/uploads\/2013\/08\/wyprawka-wniosek-druk-nr-1.pdf\" target=\"_blank\" rel=\"noopener noreferrer\"><img loading=\"lazy\" class=\"alignnone wp-image-51 size-full\" src=\"http:\/\/serwer1421977.home.pl\/kwiecien19\/like\/wp-content\/uploads\/2019\/04\/pdf.png\" alt=\"\" width=\"21\" height=\"24\" \/>FOURNITURES SCOLAIRES \u2013 DEMANDE D\u2019AIDE N\u00b0 1<\/a><br \/><a href=\"http:\/\/serwer47456.lh.pl\/salomon\/wp-content\/uploads\/2013\/08\/wyprawka-wniosek-druk-nr-2-27-062.pdf\" target=\"_blank\" rel=\"noopener noreferrer\"><img loading=\"lazy\" class=\"alignnone wp-image-51 size-full\" src=\"http:\/\/serwer1421977.home.pl\/kwiecien19\/like\/wp-content\/uploads\/2019\/04\/pdf.png\" alt=\"\" width=\"21\" height=\"24\" \/>FOURNITURES SCOLAIRES \u2013 DEMANDE D\u2019AIDE N\u00b0 2<\/a><\/p>\n<p>\u00a0<\/p>\n<\/div>\n<p>\u00a0<\/p>\n<p>\u00a0<\/p>\n<\/div>\n<p>[\/et_pb_text][\/et_pb_column][\/et_pb_row][\/et_pb_section]<\/p>\n","protected":false},"excerpt":{"rendered":"<p>[et_pb_section bb_built=&#8221;1&#8243; _builder_version=&#8221;3.17.6&#8243;][et_pb_row _builder_version=&#8221;3.17.6&#8243; custom_padding=&#8221;0|0px|27px|0px|false|false&#8221;][et_pb_column type=&#8221;4_4&#8243;][et_pb_text _builder_version=&#8221;3.17.6&#8243;] LYC\u00c8E Nous enseignons dans les classes I-III. Nous r\u00e9alisons le programme en conformit\u00e9 avec la base de programme applicable du MEN, nous pr\u00e9parons \u00e0 l\u2019examen de baccalaur\u00e9at et aux \u00e9tudes universitaires. Le travail se fait en grande partie par un syst\u00e8me de cours (sous la forme de conf\u00e9rences, [&hellip;]<\/p>\n","protected":false},"author":1,"featured_media":0,"parent":0,"menu_order":0,"comment_status":"closed","ping_status":"closed","template":"","meta":{"_et_pb_use_builder":"on","_et_pb_old_content":""},"_links":{"self":[{"href":"https:\/\/szkolysalomon.pl\/index.php\/wp-json\/wp\/v2\/pages\/671"}],"collection":[{"href":"https:\/\/szkolysalomon.pl\/index.php\/wp-json\/wp\/v2\/pages"}],"about":[{"href":"https:\/\/szkolysalomon.pl\/index.php\/wp-json\/wp\/v2\/types\/page"}],"author":[{"embeddable":true,"href":"https:\/\/szkolysalomon.pl\/index.php\/wp-json\/wp\/v2\/users\/1"}],"replies":[{"embeddable":true,"href":"https:\/\/szkolysalomon.pl\/index.php\/wp-json\/wp\/v2\/comments?post=671"}],"version-history":[{"count":1,"href":"https:\/\/szkolysalomon.pl\/index.php\/wp-json\/wp\/v2\/pages\/671\/revisions"}],"predecessor-version":[{"id":672,"href":"https:\/\/szkolysalomon.pl\/index.php\/wp-json\/wp\/v2\/pages\/671\/revisions\/672"}],"wp:attachment":[{"href":"https:\/\/szkolysalomon.pl\/index.php\/wp-json\/wp\/v2\/media?parent=671"}],"curies":[{"name":"wp","href":"https:\/\/api.w.org\/{rel}","templated":true}]}}