{"id":669,"date":"2019-04-28T17:40:43","date_gmt":"2019-04-28T15:40:43","guid":{"rendered":"http:\/\/serwer1421977.home.pl\/kwiecien19\/like\/?page_id=669"},"modified":"2019-04-28T17:42:18","modified_gmt":"2019-04-28T15:42:18","slug":"college","status":"publish","type":"page","link":"https:\/\/szkolysalomon.pl\/index.php\/fr\/college\/","title":{"rendered":"COLL\u00c8GE"},"content":{"rendered":"<p>[et_pb_section bb_built=&#8221;1&#8243; fullwidth=&#8221;off&#8221; specialty=&#8221;off&#8221;][et_pb_row][et_pb_column type=&#8221;4_4&#8243;][et_pb_text _builder_version=&#8221;3.17.6&#8243;]<\/p>\n<h1>COLL\u00c8GE<\/h1>\n<div class=\"box_newtxt\">\n<p>Nous enseignons dans les classes I-III en r\u00e9alisant le programme appliqu\u00e9 en vertu de la base de programme du MEN. Toutefois, nous essayons de mettre un accent particulier sur le d\u00e9veloppement de l\u2019autonomie de la pens\u00e9e chez nos \u00e9l\u00e8ves.<\/p>\n<p>Au cours des ateliers th\u00e9matiques, nous basons notre travail sur leurs int\u00e9r\u00eats individuels.<\/p>\n<p>Dans le travail par projets, nous cr\u00e9ons de petits groupes afin que les \u00e9l\u00e8ves puissent se compl\u00e9ter, et, gr\u00e2ce \u00e0 cela, les r\u00e9sultats de leurs travaux sont satisfaisants et, en m\u00eame temps, les \u00e9l\u00e8ves apprennent une coop\u00e9ration en pratique.<\/p>\n<p>En plus des cours et des ateliers, nous organisons nos le\u00e7ons sous la forme de rencontres individuelles<br \/>avec les enseignants sur la base du tutorat. Dans le cadre du travail par projets, il y a des cours en groupe et le propre travail individualis\u00e9.<\/p>\n<p><a href=\"http:\/\/serwer47456.lh.pl\/salomon\/wp-content\/uploads\/2013\/08\/statut-gimnazjum2.pdf\"><img loading=\"lazy\" class=\"alignnone wp-image-51 size-full\" src=\"http:\/\/serwer1421977.home.pl\/kwiecien19\/like\/wp-content\/uploads\/2019\/04\/pdf.png\" alt=\"\" width=\"21\" height=\"24\" \/><\/a><a href=\"http:\/\/serwer47456.lh.pl\/salomon\/wp-content\/uploads\/2013\/08\/statut-gimnazjum2.pdf\">STATUTS<\/a><\/p>\n<p><a href=\"http:\/\/serwer47456.lh.pl\/salomon\/wp-content\/uploads\/2013\/08\/statut-gimnazjum2.pdf\"><img loading=\"lazy\" class=\"alignnone wp-image-51 size-full\" src=\"http:\/\/serwer1421977.home.pl\/kwiecien19\/like\/wp-content\/uploads\/2019\/04\/pdf.png\" alt=\"\" width=\"21\" height=\"24\" \/><\/a><a href=\"http:\/\/serwer47456.lh.pl\/salomon\/wp-content\/uploads\/2013\/08\/Instrukcja_kancelaryjna_Gimnazjum_Salomon_2013.pdf\" target=\"_blank\" rel=\"noopener noreferrer\">INSTRUCTION POUR LE COLL\u00c8GE<\/a><br \/><a href=\"http:\/\/serwer47456.lh.pl\/salomon\/wp-content\/uploads\/2013\/08\/statut-gimnazjum2.pdf\"><img loading=\"lazy\" class=\"alignnone wp-image-51 size-full\" src=\"http:\/\/serwer1421977.home.pl\/kwiecien19\/like\/wp-content\/uploads\/2019\/04\/pdf.png\" alt=\"\" width=\"21\" height=\"24\" \/><\/a><a href=\"http:\/\/serwer47456.lh.pl\/salomon\/wp-content\/uploads\/2013\/08\/rzeczowy_wykaz_akt_Gimnazjum_Salomon_2013.pdf\" target=\"_blank\" rel=\"noopener noreferrer\">LISTE D\u2019ACTES POUR LE COLL\u00c8GE<\/a><br \/><a href=\"http:\/\/serwer47456.lh.pl\/salomon\/wp-content\/uploads\/2013\/08\/statut-gimnazjum2.pdf\"><img loading=\"lazy\" class=\"alignnone wp-image-51 size-full\" src=\"http:\/\/serwer1421977.home.pl\/kwiecien19\/like\/wp-content\/uploads\/2019\/04\/pdf.png\" alt=\"\" width=\"21\" height=\"24\" \/><\/a><a href=\"http:\/\/serwer47456.lh.pl\/salomon\/wp-content\/uploads\/2013\/08\/szkolne-programy-nauczania-Gimnazjum-Salomon-2013.20141.pdf\" target=\"_blank\" rel=\"noopener noreferrer\">PROGRAMMES D\u2019ENSEIGNEMENT DU COLL\u00c8GE<\/a><br \/><a href=\"http:\/\/serwer47456.lh.pl\/salomon\/wp-content\/uploads\/2013\/08\/statut-gimnazjum2.pdf\"><img loading=\"lazy\" class=\"alignnone wp-image-51 size-full\" src=\"http:\/\/serwer1421977.home.pl\/kwiecien19\/like\/wp-content\/uploads\/2019\/04\/pdf.png\" alt=\"\" width=\"21\" height=\"24\" \/><\/a><a href=\"http:\/\/serwer47456.lh.pl\/salomon\/wp-content\/uploads\/2013\/08\/szkolne-zestawy-podr%C4%99cznik%C3%B3w-Gimnazjum-Salomon-2013.2014.pdf\" target=\"_blank\" rel=\"noopener noreferrer\">LISTE DE MANUELS POUR LE COLL\u00c8GE<\/a><br \/><a href=\"http:\/\/serwer47456.lh.pl\/salomon\/wp-content\/uploads\/2013\/08\/statut-gimnazjum2.pdf\"><img loading=\"lazy\" class=\"alignnone wp-image-51 size-full\" src=\"http:\/\/serwer1421977.home.pl\/kwiecien19\/like\/wp-content\/uploads\/2019\/04\/pdf.png\" alt=\"\" width=\"21\" height=\"24\" \/><\/a><a href=\"http:\/\/serwer47456.lh.pl\/salomon\/wp-content\/uploads\/2013\/08\/szkolne_plany_nauczania_Gimnazjum_Salomon_2013.2014.pdf\" target=\"_blank\" rel=\"noopener noreferrer\">LISTE DE PROGRAMMES DU COLL\u00c8GE<\/a><br \/><a href=\"http:\/\/serwer47456.lh.pl\/salomon\/wp-content\/uploads\/2013\/08\/statut-gimnazjum2.pdf\"><img loading=\"lazy\" class=\"alignnone wp-image-51 size-full\" src=\"http:\/\/serwer1421977.home.pl\/kwiecien19\/like\/wp-content\/uploads\/2019\/04\/pdf.png\" alt=\"\" width=\"21\" height=\"24\" \/><\/a><a href=\"http:\/\/serwer47456.lh.pl\/salomon\/wp-content\/uploads\/2013\/08\/wyprawka-wniosek-druk-nr-1.pdf\" target=\"_blank\" rel=\"noopener noreferrer\">FOURNITURES SCOLAIRES \u2013 DEMANDE D\u2019AIDE N\u00b0 1<\/a><br \/><a href=\"http:\/\/serwer47456.lh.pl\/salomon\/wp-content\/uploads\/2013\/08\/statut-gimnazjum2.pdf\"><img loading=\"lazy\" class=\"alignnone wp-image-51 size-full\" src=\"http:\/\/serwer1421977.home.pl\/kwiecien19\/like\/wp-content\/uploads\/2019\/04\/pdf.png\" alt=\"\" width=\"21\" height=\"24\" \/><\/a><a href=\"http:\/\/serwer47456.lh.pl\/salomon\/wp-content\/uploads\/2013\/08\/wyprawka-wniosek-druk-nr-2-27-062.pdf\" target=\"_blank\" rel=\"noopener noreferrer\">FOURNITURES SCOLAIRES \u2013 DEMANDE D\u2019AIDE N\u00b0 2<\/a><\/p>\n<p>\u00a0<\/p>\n<p>gimnazjum @ szkolysalomon.pl<\/p>\n<\/div>\n<p>[\/et_pb_text][\/et_pb_column][\/et_pb_row][\/et_pb_section]<\/p>\n","protected":false},"excerpt":{"rendered":"<p>[et_pb_section bb_built=&#8221;1&#8243; fullwidth=&#8221;off&#8221; specialty=&#8221;off&#8221;][et_pb_row][et_pb_column type=&#8221;4_4&#8243;][et_pb_text _builder_version=&#8221;3.17.6&#8243;] COLL\u00c8GE Nous enseignons dans les classes I-III en r\u00e9alisant le programme appliqu\u00e9 en vertu de la base de programme du MEN. Toutefois, nous essayons de mettre un accent particulier sur le d\u00e9veloppement de l\u2019autonomie de la pens\u00e9e chez nos \u00e9l\u00e8ves. Au cours des ateliers th\u00e9matiques, nous basons notre travail [&hellip;]<\/p>\n","protected":false},"author":1,"featured_media":0,"parent":0,"menu_order":0,"comment_status":"closed","ping_status":"closed","template":"","meta":{"_et_pb_use_builder":"on","_et_pb_old_content":""},"_links":{"self":[{"href":"https:\/\/szkolysalomon.pl\/index.php\/wp-json\/wp\/v2\/pages\/669"}],"collection":[{"href":"https:\/\/szkolysalomon.pl\/index.php\/wp-json\/wp\/v2\/pages"}],"about":[{"href":"https:\/\/szkolysalomon.pl\/index.php\/wp-json\/wp\/v2\/types\/page"}],"author":[{"embeddable":true,"href":"https:\/\/szkolysalomon.pl\/index.php\/wp-json\/wp\/v2\/users\/1"}],"replies":[{"embeddable":true,"href":"https:\/\/szkolysalomon.pl\/index.php\/wp-json\/wp\/v2\/comments?post=669"}],"version-history":[{"count":1,"href":"https:\/\/szkolysalomon.pl\/index.php\/wp-json\/wp\/v2\/pages\/669\/revisions"}],"predecessor-version":[{"id":670,"href":"https:\/\/szkolysalomon.pl\/index.php\/wp-json\/wp\/v2\/pages\/669\/revisions\/670"}],"wp:attachment":[{"href":"https:\/\/szkolysalomon.pl\/index.php\/wp-json\/wp\/v2\/media?parent=669"}],"curies":[{"name":"wp","href":"https:\/\/api.w.org\/{rel}","templated":true}]}}