{"id":623,"date":"2019-04-28T12:08:12","date_gmt":"2019-04-28T10:08:12","guid":{"rendered":"http:\/\/serwer1421977.home.pl\/kwiecien19\/like\/?page_id=623"},"modified":"2019-04-28T12:08:12","modified_gmt":"2019-04-28T10:08:12","slug":"ueber-die-schule","status":"publish","type":"page","link":"https:\/\/szkolysalomon.pl\/index.php\/de\/ueber-die-schule\/","title":{"rendered":"\u00dcBER DIE SCHULE"},"content":{"rendered":"<p>[et_pb_section bb_built=&#8221;1&#8243; _builder_version=&#8221;3.17.6&#8243;][et_pb_row _builder_version=&#8221;3.17.6&#8243; custom_padding=&#8221;0|0px|27px|0px|false|false&#8221;][et_pb_column type=&#8221;4_4&#8243;][et_pb_text background_blend=&#8221;overlay&#8221; _builder_version=&#8221;3.17.6&#8243; background_image=&#8221;http:\/\/serwer1421977.home.pl\/kwiecien19\/like\/wp-content\/uploads\/2019\/04\/6.jpg&#8221; background_color=&#8221;rgba(255,255,255,0.66)&#8221; text_text_color=&#8221;#000000&#8243; custom_padding=&#8221;25px|25px|25px|25px|true|true&#8221;]<\/p>\n<h1>\u00dcBER DIE SCHULE \/<\/h1>\n<p>Die Familie ist der nat\u00fcrliche Ort f\u00fcr das Wachstum der Kinder und die Eltern sind ihre ersten Erzieher.<\/p>\n<p>Die Schule sollte die Familie bei der Vermittlung von Wissen und Erziehungshandlungen unterst\u00fctzen. Deshalb auch muss eine Zusammenarbeit zwischen der Schule und dem Familienhaus vorhanden sein. Die von Kindern zu Hause erhaltenen Werte und Traditionen sollten in der Schule ihre Best\u00e4tigung und Verst\u00e4rkung erhalten. In einer solchen Umgebung kann ein Kind frei aufwachsen und sich mit einem Sicherheitsgef\u00fchl entwickeln.<\/p>\n<p>Der gegenw\u00e4rtige Mensch wird st\u00e4ndig mit einer ungeheuren Masse von verschiedenen Informationen und Empfindungen aus vielen, auch zuf\u00e4lligen Quellen bereichert.<\/p>\n<p>Ein Kind ist in einer solchen Situation h\u00e4ufig wehrlos und nimmt gegenseitig in Widerspruch stehende Mitteilungen unkritisch an. Dies f\u00fchrt zum Chaos in seiner Betrachtung und seinem Verst\u00e4ndnis der Welt. Die Schule, dem Familienhaus \u00e4hnlich, hilft dem Kind, dieses Weltbild so zu ordnen, dass es mit der Welt der Werte \u00fcbereinstimmt.<\/p>\n<p>Besonders wichtig ist die Achtung der Wahrheit. Die Schule kann die Familie im Bereich der pers\u00f6nlichen Entwicklung des Kindes erheblich unterst\u00fctzen, indem sie die Anspr\u00fcche stellt, die zur Pr\u00e4gung des Charakters, zur \u00dcberwindung der Schwierigkeiten und zum Erreichen der Ziele ermuntert. Die Schule stellt auch den Ort verschiedener Treffen dar. Ihre Rolle ist vor allem in Sachen Erfahrungen der Sch\u00fcler im Bereich der Zusammenarbeit mit Altersgenossen und beim Eingang in die Welt der b\u00fcrgerlichen Rechte und Pflichten wichtig. Das unentbehrliche Wissen \u00fcber die eigene, nationale Geschichte, Literatur und Kultur, \u00fcber die heimatliche Natur tr\u00e4gt dazu bei, ein gesundes Gef\u00fchl von Stolz in Bezug auf das eigene Land und den Willen der Fortsetzung seiner Traditionen in der Zukunft zu bilden.<\/p>\n<p>Die Entwicklung eines jungen Menschen ohne die geistliche Dimension w\u00e4re unvollst\u00e4ndig. Hier sind auch Mustern und Ermunterung gebraucht.<\/p>\n<p>Wir legen einen besonderen Wert auf die individuelle Betrachtungsweise jedes Sch\u00fclers; wir versuchen, seine Talente zu entdecken und ihm bei seiner Entwicklung zu helfen. Dies erm\u00f6glicht, ein gesundes Selbstwertgef\u00fchl zu schaffen und den eigenen Platz in der Schulgemeinschaft zu finden.<\/p>\n<p>Die Freundlichkeit und das Vertrauen seitens der Lehrer bringt dasselbe seitens der Sch\u00fcler und dies gibt eine Grundlage f\u00fcr vollst\u00e4ndig effiziente Bildungs- und Erziehungsverfahren.<\/p>\n<p>[\/et_pb_text][\/et_pb_column][\/et_pb_row][\/et_pb_section]<\/p>\n","protected":false},"excerpt":{"rendered":"<p>[et_pb_section bb_built=&#8221;1&#8243; _builder_version=&#8221;3.17.6&#8243;][et_pb_row _builder_version=&#8221;3.17.6&#8243; custom_padding=&#8221;0|0px|27px|0px|false|false&#8221;][et_pb_column type=&#8221;4_4&#8243;][et_pb_text background_blend=&#8221;overlay&#8221; _builder_version=&#8221;3.17.6&#8243; background_image=&#8221;http:\/\/serwer1421977.home.pl\/kwiecien19\/like\/wp-content\/uploads\/2019\/04\/6.jpg&#8221; background_color=&#8221;rgba(255,255,255,0.66)&#8221; text_text_color=&#8221;#000000&#8243; custom_padding=&#8221;25px|25px|25px|25px|true|true&#8221;] \u00dcBER DIE SCHULE \/ Die Familie ist der nat\u00fcrliche Ort f\u00fcr das Wachstum der Kinder und die Eltern sind ihre ersten Erzieher. Die Schule sollte die Familie bei der Vermittlung von Wissen und Erziehungshandlungen unterst\u00fctzen. Deshalb auch muss eine Zusammenarbeit zwischen der Schule [&hellip;]<\/p>\n","protected":false},"author":1,"featured_media":0,"parent":0,"menu_order":0,"comment_status":"closed","ping_status":"closed","template":"","meta":{"_et_pb_use_builder":"on","_et_pb_old_content":""},"_links":{"self":[{"href":"https:\/\/szkolysalomon.pl\/index.php\/wp-json\/wp\/v2\/pages\/623"}],"collection":[{"href":"https:\/\/szkolysalomon.pl\/index.php\/wp-json\/wp\/v2\/pages"}],"about":[{"href":"https:\/\/szkolysalomon.pl\/index.php\/wp-json\/wp\/v2\/types\/page"}],"author":[{"embeddable":true,"href":"https:\/\/szkolysalomon.pl\/index.php\/wp-json\/wp\/v2\/users\/1"}],"replies":[{"embeddable":true,"href":"https:\/\/szkolysalomon.pl\/index.php\/wp-json\/wp\/v2\/comments?post=623"}],"version-history":[{"count":1,"href":"https:\/\/szkolysalomon.pl\/index.php\/wp-json\/wp\/v2\/pages\/623\/revisions"}],"predecessor-version":[{"id":624,"href":"https:\/\/szkolysalomon.pl\/index.php\/wp-json\/wp\/v2\/pages\/623\/revisions\/624"}],"wp:attachment":[{"href":"https:\/\/szkolysalomon.pl\/index.php\/wp-json\/wp\/v2\/media?parent=623"}],"curies":[{"name":"wp","href":"https:\/\/api.w.org\/{rel}","templated":true}]}}