{"id":618,"date":"2019-04-28T11:54:58","date_gmt":"2019-04-28T09:54:58","guid":{"rendered":"http:\/\/serwer1421977.home.pl\/kwiecien19\/like\/?page_id=618"},"modified":"2019-04-28T11:54:58","modified_gmt":"2019-04-28T09:54:58","slug":"beratungsstelle","status":"publish","type":"page","link":"https:\/\/szkolysalomon.pl\/index.php\/de\/beratungsstelle\/","title":{"rendered":"BERATUNGSSTELLE"},"content":{"rendered":"<p>[et_pb_section bb_built=&#8221;1&#8243; _builder_version=&#8221;3.17.6&#8243;][et_pb_row custom_padding=&#8221;0|0px|27px|0px|false|false&#8221; _builder_version=&#8221;3.17.6&#8243;][et_pb_column type=&#8221;4_4&#8243;][et_pb_text _builder_version=&#8221;3.17.6&#8243;]<\/p>\n<h1>BERATUNGSSTELLE<\/h1>\n<div class=\"box_newtxt\">\n<p>Den steigenden Anforderungen des Alltags gerecht zu werden, das ist f\u00fcr viele Kinder besonders belastend und beraubt sie ihrer nat\u00fcrlichen Lebensfreude. In unserer Beratungsstelle versuchen wir vor allem den Familien mit Schulkindern und den Sch\u00fclern selbst zu helfen, indem wir ihre Entwicklung und die Lerneffizienz auf folgende Weisen unterst\u00fctzen:<br \/>&#8211; psychologische und p\u00e4dagogische Ratschl\u00e4ge und Beratungen,<br \/>&#8211; psychologische und p\u00e4dagogische Diagnosen von Kindern und Jugendlichen,<br \/>&#8211; Unterst\u00fctzung der Eltern, die durch unangemessene Verhaltensweisen ihrer Kinder beunruhigt sind,<br \/>&#8211; Unterst\u00fctzung in schwierigen Lebenssituationen,<br \/>&#8211; Durchf\u00fchrung von Untersuchungen und Ausstellung von Gutachten, die bei Aufnahmeverfahren im System der au\u00dferschulischen Bildung gefordert werden.<br \/><strong>DIAGNOSE<\/strong><br \/>Die psychologischen und p\u00e4dagogischen Diagnosen stellen die Grundlage f\u00fcr den Beginn einer entsprechenden Therapie dar, die zur \u00dcberwindung von Schwierigkeiten dient, auf die ein Kind trifft. Eine individuelle, infolge der Untersuchungen gestellte Diagnose erm\u00f6glicht die Erkennung: \u2013 der Gr\u00fcnde des Misserfolges in der Schule \u2013 der Gr\u00fcnde der Erziehungsschwierigkeiten \u2013 der spezifischen Schwierigkeiten beim Lernen und \u2013 die Bewertung der Schulbereitschaft des Kindes \u2013 die Beseitigung etwaiger Verhaltensst\u00f6rungen \u2013 die Beseitigung etwaiger Entwicklungsdisharmonie<\/p>\n<p><strong>THERAPIE<\/strong><br \/>Die unterschiedlichsten Formen der Therapieveranstaltungen haben zum Ziel, den Eltern und ihren Kindern bei \u00dcberwindung von Lernschwierigkeiten, Erziehungsproblemen und auftretenden St\u00f6rungen zu helfen. Die Therapie kann je nach Bedarf individuell oder in der Gruppe angeboten werden.<br \/><strong>Angebotene Therapien:<\/strong><br \/>&#8211; emotionelle und psychosomatische St\u00f6rungen der Kinder im niedrigeren Schulalter<br \/>&#8211; St\u00f6rungen der mathematischen Denkweise (f\u00fcr Kinder mit spezifischen Schwierigkeiten beim Lernen)<br \/>&#8211; Sprachst\u00f6rungen und Verst\u00e4ndigungsprobleme (f\u00fcr Kinder mit spezifischen Schwierigkeiten beim Lernen) Wir bieten die F\u00f6rderunterrichte, die Therapie anhand der Methode der sensorischen Integration und auch das Training der intellektuellen F\u00e4higkeiten der Kinder.<\/p>\n<p><strong>VORBEUGENDE MA\u00dfNAHMEN<\/strong><br \/><strong>Programm der Workshops:<\/strong><br \/>&#8211; f\u00fcr Eltern mit Kindern mit ADHS-Symptomen<br \/>&#8211; Bek\u00e4mpfung von Aggression, Vorbeugung emotionaler St\u00f6rungen, S\u00fcchten, sozialer Unangepasstheit (f\u00fcr Kinder und Jugendliche)<br \/>&#8211; Stressbek\u00e4mpfung (f\u00fcr Kinder und Eltern)<\/p>\n<p><strong>BERATUNG<\/strong><br \/><strong>Von der Beratungsstelle wird die Familienberatung in folgendem Umfang angeboten:<\/strong><br \/>&#8211; L\u00f6sung von Erziehungsproblemen<br \/>&#8211; L\u00f6sung von Familienkonflikten<br \/>&#8211; Unterst\u00fctzung der Entwicklung von Kindern und Jugendlichen<br \/>&#8211; Methoden des erfolgreichen Lernens<br \/>&#8211; Besiegung von Lernschwierigkeiten<br \/>&#8211; Erkennung besonderer F\u00e4higkeiten<br \/>&#8211; Auswahl der Bildungsrichtung und des Berufs<\/p>\n<h2><strong>\u00a0BERATUNGSSTELLE TEL. +48 518 717 077<\/strong><\/h2>\n<p>poradnia @ szkolysalomon.pl<\/p>\n<\/div>\n<p>[\/et_pb_text][\/et_pb_column][\/et_pb_row][\/et_pb_section]<\/p>\n","protected":false},"excerpt":{"rendered":"<p>[et_pb_section bb_built=&#8221;1&#8243; _builder_version=&#8221;3.17.6&#8243;][et_pb_row custom_padding=&#8221;0|0px|27px|0px|false|false&#8221; _builder_version=&#8221;3.17.6&#8243;][et_pb_column type=&#8221;4_4&#8243;][et_pb_text _builder_version=&#8221;3.17.6&#8243;] BERATUNGSSTELLE Den steigenden Anforderungen des Alltags gerecht zu werden, das ist f\u00fcr viele Kinder besonders belastend und beraubt sie ihrer nat\u00fcrlichen Lebensfreude. In unserer Beratungsstelle versuchen wir vor allem den Familien mit Schulkindern und den Sch\u00fclern selbst zu helfen, indem wir ihre Entwicklung und die Lerneffizienz auf folgende [&hellip;]<\/p>\n","protected":false},"author":1,"featured_media":0,"parent":0,"menu_order":0,"comment_status":"closed","ping_status":"closed","template":"","meta":{"_et_pb_use_builder":"on","_et_pb_old_content":""},"_links":{"self":[{"href":"https:\/\/szkolysalomon.pl\/index.php\/wp-json\/wp\/v2\/pages\/618"}],"collection":[{"href":"https:\/\/szkolysalomon.pl\/index.php\/wp-json\/wp\/v2\/pages"}],"about":[{"href":"https:\/\/szkolysalomon.pl\/index.php\/wp-json\/wp\/v2\/types\/page"}],"author":[{"embeddable":true,"href":"https:\/\/szkolysalomon.pl\/index.php\/wp-json\/wp\/v2\/users\/1"}],"replies":[{"embeddable":true,"href":"https:\/\/szkolysalomon.pl\/index.php\/wp-json\/wp\/v2\/comments?post=618"}],"version-history":[{"count":1,"href":"https:\/\/szkolysalomon.pl\/index.php\/wp-json\/wp\/v2\/pages\/618\/revisions"}],"predecessor-version":[{"id":619,"href":"https:\/\/szkolysalomon.pl\/index.php\/wp-json\/wp\/v2\/pages\/618\/revisions\/619"}],"wp:attachment":[{"href":"https:\/\/szkolysalomon.pl\/index.php\/wp-json\/wp\/v2\/media?parent=618"}],"curies":[{"name":"wp","href":"https:\/\/api.w.org\/{rel}","templated":true}]}}