{"id":616,"date":"2019-04-28T11:53:22","date_gmt":"2019-04-28T09:53:22","guid":{"rendered":"http:\/\/serwer1421977.home.pl\/kwiecien19\/like\/?page_id=616"},"modified":"2019-04-28T11:53:22","modified_gmt":"2019-04-28T09:53:22","slug":"lyzeum","status":"publish","type":"page","link":"https:\/\/szkolysalomon.pl\/index.php\/de\/lyzeum\/","title":{"rendered":"LYZEUM"},"content":{"rendered":"<p>[et_pb_section bb_built=&#8221;1&#8243; _builder_version=&#8221;3.17.6&#8243;][et_pb_row _builder_version=&#8221;3.17.6&#8243; custom_padding=&#8221;0|0px|27px|0px|false|false&#8221;][et_pb_column type=&#8221;4_4&#8243;][et_pb_text _builder_version=&#8221;3.17.6&#8243;]<\/p>\n<div class=\"box_newtxt\">\n<h1>LYZEUM<\/h1>\n<div class=\"box_newtxt\">\n<p>Wir bieten Unterricht in den Klassen I-III an. Unsere Schule f\u00fchrt das Programm gem\u00e4\u00df dem Rahmenlehrplan des Ministeriums f\u00fcr Nationale Bildung (MEN) aus. Wir versuchen jedoch, den besonderen Wert auf die Entwicklung des selbstst\u00e4ndigen Denkens unserer Sch\u00fcler zu legen.<\/p>\n<p>Wir basieren unsere thematischen Workshops auf die individuellen Interessen der Sch\u00fcler.<br \/>Bei den Projektarbeiten werden kleine Gruppen gebildet, damit die Sch\u00fcler sich gegenseitig erg\u00e4nzen k\u00f6nnen. Dies bringt mit sich, dass sie mit den Ergebnissen ihrer Arbeit zufrieden sind und gleichzeitig die Zusammenarbeit in der Praxis lernen.<\/p>\n<p>Neben den Vortr\u00e4gen und Workshops werden von uns auch Unterrichtsstunden in Form individueller Treffen mit Lehrern auf Basis von Tutoring angeboten. Die Gruppenarbeit und die individuelle Eigenarbeit finden im Rahmen der Projektarbeit statt.<\/p>\n<p><a href=\"http:\/\/serwer47456.lh.pl\/salomon\/wp-content\/uploads\/2013\/08\/statut-liceum2.pdf\"><img loading=\"lazy\" class=\"alignnone wp-image-51 size-full\" src=\"http:\/\/serwer1421977.home.pl\/kwiecien19\/like\/wp-content\/uploads\/2019\/04\/pdf.png\" alt=\"\" width=\"21\" height=\"24\" \/>SATZUNG<\/a><\/p>\n<p><a href=\"http:\/\/serwer47456.lh.pl\/salomon\/wp-content\/uploads\/2013\/08\/statut-liceum2.pdf\"><img loading=\"lazy\" class=\"alignnone wp-image-51 size-full\" src=\"http:\/\/serwer1421977.home.pl\/kwiecien19\/like\/wp-content\/uploads\/2019\/04\/pdf.png\" alt=\"\" width=\"21\" height=\"24\" \/><\/a><a href=\"http:\/\/serwer47456.lh.pl\/salomon\/wp-content\/uploads\/2013\/08\/Instrukcja_kancelaryjna_Liceum_Ogolnokszta%C5%82cace_Salomon_2013.pdf\">ANWEISUNGEN F\u00dcR DEN DOKUMENTENUMLAUF F\u00dcR DAS LYZEUM<\/a><br \/><a href=\"http:\/\/serwer47456.lh.pl\/salomon\/wp-content\/uploads\/2013\/08\/statut-liceum2.pdf\"><img loading=\"lazy\" class=\"alignnone wp-image-51 size-full\" src=\"http:\/\/serwer1421977.home.pl\/kwiecien19\/like\/wp-content\/uploads\/2019\/04\/pdf.png\" alt=\"\" width=\"21\" height=\"24\" \/><\/a><a href=\"http:\/\/serwer47456.lh.pl\/salomon\/wp-content\/uploads\/2013\/08\/rzeczowy_wykaz_akt_Liceum_Ogolnoksztalcace_Salomon_2013.pdf\">SACHVERZEICHNIS DER URKUNDEN F\u00dcR DAS LYZEUM<\/a><br \/><a href=\"http:\/\/serwer47456.lh.pl\/salomon\/wp-content\/uploads\/2013\/08\/statut-liceum2.pdf\"><img loading=\"lazy\" class=\"alignnone wp-image-51 size-full\" src=\"http:\/\/serwer1421977.home.pl\/kwiecien19\/like\/wp-content\/uploads\/2019\/04\/pdf.png\" alt=\"\" width=\"21\" height=\"24\" \/><\/a><a href=\"http:\/\/serwer47456.lh.pl\/salomon\/wp-content\/uploads\/2013\/08\/szkolne-programy-nauczania-Liceum-Og%C3%B3lnokszta%C5%82c%C4%85ce-Salomon-2013.20141.pdf\">SCHULLEHRPROGRAMME F\u00dcR DAS LYZEUM<\/a><br \/><a href=\"http:\/\/serwer47456.lh.pl\/salomon\/wp-content\/uploads\/2013\/08\/statut-liceum2.pdf\"><img loading=\"lazy\" class=\"alignnone wp-image-51 size-full\" src=\"http:\/\/serwer1421977.home.pl\/kwiecien19\/like\/wp-content\/uploads\/2019\/04\/pdf.png\" alt=\"\" width=\"21\" height=\"24\" \/><\/a><a href=\"http:\/\/serwer47456.lh.pl\/salomon\/wp-content\/uploads\/2013\/08\/szkolne-zestawy-podr%C4%99cznik%C3%B3w-Liceum-Og%C3%B3lnokszta%C5%82c%C4%85ce-Salomon-2013.2014.pdf\">VERZEICHNIS DER LEHRB\u00dcCHER F\u00dcR DAS LYZEUM<\/a><br \/><a href=\"http:\/\/serwer47456.lh.pl\/salomon\/wp-content\/uploads\/2013\/08\/statut-liceum2.pdf\"><img loading=\"lazy\" class=\"alignnone wp-image-51 size-full\" src=\"http:\/\/serwer1421977.home.pl\/kwiecien19\/like\/wp-content\/uploads\/2019\/04\/pdf.png\" alt=\"\" width=\"21\" height=\"24\" \/><\/a><a href=\"http:\/\/serwer47456.lh.pl\/salomon\/wp-content\/uploads\/2013\/08\/Szkolne_plany_nauczania_Liceum_Ogolnoksztalcace_Salomon_2013.2014.pdf\">SCHULVERZEICHNIS DER PROGRAMME F\u00dcR DAS LYZEUM<\/a><br \/><a href=\"http:\/\/serwer47456.lh.pl\/salomon\/wp-content\/uploads\/2013\/08\/statut-liceum2.pdf\"><img loading=\"lazy\" class=\"alignnone wp-image-51 size-full\" src=\"http:\/\/serwer1421977.home.pl\/kwiecien19\/like\/wp-content\/uploads\/2019\/04\/pdf.png\" alt=\"\" width=\"21\" height=\"24\" \/><\/a><a href=\"http:\/\/serwer47456.lh.pl\/salomon\/wp-content\/uploads\/2013\/08\/wyprawka-wniosek-druk-nr-1.pdf\">SCH\u00dcLERAUSSTATTUNG ANTRAG NR.1<\/a><br \/><a href=\"http:\/\/serwer47456.lh.pl\/salomon\/wp-content\/uploads\/2013\/08\/statut-liceum2.pdf\"><img loading=\"lazy\" class=\"alignnone wp-image-51 size-full\" src=\"http:\/\/serwer1421977.home.pl\/kwiecien19\/like\/wp-content\/uploads\/2019\/04\/pdf.png\" alt=\"\" width=\"21\" height=\"24\" \/><\/a><a href=\"http:\/\/serwer47456.lh.pl\/salomon\/wp-content\/uploads\/2013\/08\/wyprawka-wniosek-druk-nr-2-27-062.pdf\">SCH\u00dcLERAUSSTATTUNG ANTRAG NR.2<\/a><\/p>\n<\/div>\n<p>\u00a0<\/p>\n<p>\u00a0<\/p>\n<\/div>\n<p>[\/et_pb_text][\/et_pb_column][\/et_pb_row][\/et_pb_section]<\/p>\n","protected":false},"excerpt":{"rendered":"<p>[et_pb_section bb_built=&#8221;1&#8243; _builder_version=&#8221;3.17.6&#8243;][et_pb_row _builder_version=&#8221;3.17.6&#8243; custom_padding=&#8221;0|0px|27px|0px|false|false&#8221;][et_pb_column type=&#8221;4_4&#8243;][et_pb_text _builder_version=&#8221;3.17.6&#8243;] LYZEUM Wir bieten Unterricht in den Klassen I-III an. Unsere Schule f\u00fchrt das Programm gem\u00e4\u00df dem Rahmenlehrplan des Ministeriums f\u00fcr Nationale Bildung (MEN) aus. Wir versuchen jedoch, den besonderen Wert auf die Entwicklung des selbstst\u00e4ndigen Denkens unserer Sch\u00fcler zu legen. Wir basieren unsere thematischen Workshops auf die individuellen [&hellip;]<\/p>\n","protected":false},"author":1,"featured_media":0,"parent":0,"menu_order":0,"comment_status":"closed","ping_status":"closed","template":"","meta":{"_et_pb_use_builder":"on","_et_pb_old_content":""},"_links":{"self":[{"href":"https:\/\/szkolysalomon.pl\/index.php\/wp-json\/wp\/v2\/pages\/616"}],"collection":[{"href":"https:\/\/szkolysalomon.pl\/index.php\/wp-json\/wp\/v2\/pages"}],"about":[{"href":"https:\/\/szkolysalomon.pl\/index.php\/wp-json\/wp\/v2\/types\/page"}],"author":[{"embeddable":true,"href":"https:\/\/szkolysalomon.pl\/index.php\/wp-json\/wp\/v2\/users\/1"}],"replies":[{"embeddable":true,"href":"https:\/\/szkolysalomon.pl\/index.php\/wp-json\/wp\/v2\/comments?post=616"}],"version-history":[{"count":1,"href":"https:\/\/szkolysalomon.pl\/index.php\/wp-json\/wp\/v2\/pages\/616\/revisions"}],"predecessor-version":[{"id":617,"href":"https:\/\/szkolysalomon.pl\/index.php\/wp-json\/wp\/v2\/pages\/616\/revisions\/617"}],"wp:attachment":[{"href":"https:\/\/szkolysalomon.pl\/index.php\/wp-json\/wp\/v2\/media?parent=616"}],"curies":[{"name":"wp","href":"https:\/\/api.w.org\/{rel}","templated":true}]}}