{"id":612,"date":"2019-04-28T11:49:03","date_gmt":"2019-04-28T09:49:03","guid":{"rendered":"http:\/\/serwer1421977.home.pl\/kwiecien19\/like\/?page_id=612"},"modified":"2019-04-28T11:49:03","modified_gmt":"2019-04-28T09:49:03","slug":"grundschule","status":"publish","type":"page","link":"https:\/\/szkolysalomon.pl\/index.php\/de\/grundschule\/","title":{"rendered":"GRUNDSCHULE"},"content":{"rendered":"<p>[et_pb_section bb_built=&#8221;1&#8243; _builder_version=&#8221;3.17.6&#8243;][et_pb_row custom_padding=&#8221;0|0px|27px|0px|false|false&#8221; _builder_version=&#8221;3.17.6&#8243;][et_pb_column type=&#8221;4_4&#8243;][et_pb_text _builder_version=&#8221;3.17.6&#8243;]<\/p>\n<div class=\"box_newtxt\">\n<h1>GRUNDSCHULE<\/h1>\n<div class=\"box_newtxt\">\n<p>Wir bieten Unterricht in den folgenden Klassen an: 0 (Vorschule), I-III (integrierende Bildung) und IV-VI. Wir legen gro\u00dfen Wert auf die pers\u00f6nliche Entwicklung der Sch\u00fcler und die Bildung korrekter Beziehungen innerhalb der Gruppe.<\/p>\n<p>Unsere Schule f\u00fchrt das Programm gem\u00e4\u00df dem Rahmenlehrplan des Ministeriums f\u00fcr Nationale Bildung (MEN) aus. Zus\u00e4tzlich wird von uns das individualisierte System der psychologisch-p\u00e4dagogischen Einwirkungen angewendet, um die Eigentalente der Kinder und die f\u00fcr das Alter entsprechende, nat\u00fcrliche Weltneugier zu entwickeln. Zu unseren Arbeitsmethoden geh\u00f6ren auch thematische Workshops und die in den Arbeitsgruppen gemeinsam auszuf\u00fchrenden Projekte. Wir geben keine Hausaufgaben auf. Die Schule sollte das Elternhaus unterst\u00fctzen, und nicht die Eltern zus\u00e4tzlich belasten. In den niedrigeren Klassen wird besonders Wert auf flie\u00dfendes Lesen und Schreiben gelegt. Unser Ziel ist es, eine Freundschaft zwischen Sch\u00fclern und B\u00fcchern zu bauen, was die sp\u00e4teren Etappen der Ausbildung erheblich erleichtert.<\/p>\n<p>Auch die fundierten Grundlagen des \u201eRechnens\u201d stellen ein festes Fundament f\u00fcr sp\u00e4tere Erfolge dar. Die mit der Natur verbundenen Themen versuchen wir, auf Basis des Programms und der eigenen Erfahrungen der Kinder zu verwirklichen. Deshalb auch werden h\u00e4ufig Ausfl\u00fcge und Unterrichte au\u00dferhalb der Schule organisiert. Ein gro\u00dfer Wert wird auch auf die k\u00fcnstliche Ausbildung gelegt, weil sie den Kindern viel Freude bereitet.<\/p>\n<p>\u00a0<\/p>\n<p><a href=\"http:\/\/serwer47456.lh.pl\/salomon\/wp-content\/uploads\/2013\/08\/statut-szkola-podstawowa.2.pdf\"><img loading=\"lazy\" class=\"alignnone wp-image-51 size-full\" src=\"http:\/\/serwer1421977.home.pl\/kwiecien19\/like\/wp-content\/uploads\/2019\/04\/pdf.png\" alt=\"\" width=\"21\" height=\"24\" \/>SATZUNG<\/a><\/p>\n<p><a href=\"http:\/\/serwer47456.lh.pl\/salomon\/wp-content\/uploads\/2013\/08\/Instrukcja_kancelaryjna_Szkola_Podstawowa_Salomon_2013.pdf\"><img loading=\"lazy\" class=\"alignnone wp-image-51 size-full\" src=\"http:\/\/serwer1421977.home.pl\/kwiecien19\/like\/wp-content\/uploads\/2019\/04\/pdf.png\" alt=\"\" width=\"21\" height=\"24\" \/>ANWEISUNGEN F\u00dcR DEN DOKUMENTENUMLAUF GRUNDSCHULE<\/a><br \/><a href=\"http:\/\/serwer47456.lh.pl\/salomon\/wp-content\/uploads\/2013\/08\/Rzeczowy_wykaz_akt_Szkola_Podstawowa_Salomon_2013.pdf\"><img loading=\"lazy\" class=\"alignnone wp-image-51 size-full\" src=\"http:\/\/serwer1421977.home.pl\/kwiecien19\/like\/wp-content\/uploads\/2019\/04\/pdf.png\" alt=\"\" width=\"21\" height=\"24\" \/>SACHVERZEICHNIS DER URKUNDEN GRUNDSCHULE<\/a><br \/><a href=\"http:\/\/serwer47456.lh.pl\/salomon\/wp-content\/uploads\/2013\/08\/szkolne-programy-nauczania-Szko%C5%82a-Podstawowa-Salomon-2013.2014.pdf\"><img loading=\"lazy\" class=\"alignnone wp-image-51 size-full\" src=\"http:\/\/serwer1421977.home.pl\/kwiecien19\/like\/wp-content\/uploads\/2019\/04\/pdf.png\" alt=\"\" width=\"21\" height=\"24\" \/>SCHULLEHRPROGRAMME GRUNDSCHULE<\/a><br \/><a href=\"http:\/\/serwer47456.lh.pl\/salomon\/wp-content\/uploads\/2013\/08\/szkolne-zestawy-podr%C4%99cznik%C3%B3w-Szko%C5%82a-Podstawowa-Salomon-2013.2014.pdf\"><img loading=\"lazy\" class=\"alignnone wp-image-51 size-full\" src=\"http:\/\/serwer1421977.home.pl\/kwiecien19\/like\/wp-content\/uploads\/2019\/04\/pdf.png\" alt=\"\" width=\"21\" height=\"24\" \/>VERZEICHNIS DER LEHRB\u00dcCHER F\u00dcR DIE GRUNDSCHULE<\/a><br \/><a href=\"http:\/\/serwer47456.lh.pl\/salomon\/wp-content\/uploads\/2013\/08\/SZKOLNY_SPIS_PROGRAMOW_DLA_SZKOLY_PODSTAWOWEJ_SALOMON_W_WARSZAWIE.pdf\"><img loading=\"lazy\" class=\"alignnone wp-image-51 size-full\" src=\"http:\/\/serwer1421977.home.pl\/kwiecien19\/like\/wp-content\/uploads\/2019\/04\/pdf.png\" alt=\"\" width=\"21\" height=\"24\" \/>SCHULVERZEICHNIS DER PROGRAMME F\u00dcR DIE GRUNDSCHULE<\/a><br \/><a href=\"http:\/\/serwer47456.lh.pl\/salomon\/wp-content\/uploads\/2013\/08\/wyprawka-wniosek-druk-nr-1.pdf\"><img loading=\"lazy\" class=\"alignnone wp-image-51 size-full\" src=\"http:\/\/serwer1421977.home.pl\/kwiecien19\/like\/wp-content\/uploads\/2019\/04\/pdf.png\" alt=\"\" width=\"21\" height=\"24\" \/>SCH\u00dcLERAUSSTATTUNG ANTRAG NR.1<\/a><br \/><a href=\"http:\/\/serwer47456.lh.pl\/salomon\/wp-content\/uploads\/2013\/08\/wyprawka-wniosek-druk-nr-2-27-062.pdf\"><img loading=\"lazy\" class=\"alignnone wp-image-51 size-full\" src=\"http:\/\/serwer1421977.home.pl\/kwiecien19\/like\/wp-content\/uploads\/2019\/04\/pdf.png\" alt=\"\" width=\"21\" height=\"24\" \/>SCH\u00dcLERAUSSTATTUNG ANTRAG NR.2<\/a><\/p>\n<\/div>\n<\/div>\n<p>[\/et_pb_text][\/et_pb_column][\/et_pb_row][\/et_pb_section]<\/p>\n","protected":false},"excerpt":{"rendered":"<p>[et_pb_section bb_built=&#8221;1&#8243; _builder_version=&#8221;3.17.6&#8243;][et_pb_row custom_padding=&#8221;0|0px|27px|0px|false|false&#8221; _builder_version=&#8221;3.17.6&#8243;][et_pb_column type=&#8221;4_4&#8243;][et_pb_text _builder_version=&#8221;3.17.6&#8243;] GRUNDSCHULE Wir bieten Unterricht in den folgenden Klassen an: 0 (Vorschule), I-III (integrierende Bildung) und IV-VI. Wir legen gro\u00dfen Wert auf die pers\u00f6nliche Entwicklung der Sch\u00fcler und die Bildung korrekter Beziehungen innerhalb der Gruppe. Unsere Schule f\u00fchrt das Programm gem\u00e4\u00df dem Rahmenlehrplan des Ministeriums f\u00fcr Nationale Bildung (MEN) [&hellip;]<\/p>\n","protected":false},"author":1,"featured_media":0,"parent":0,"menu_order":0,"comment_status":"closed","ping_status":"closed","template":"","meta":{"_et_pb_use_builder":"on","_et_pb_old_content":""},"_links":{"self":[{"href":"https:\/\/szkolysalomon.pl\/index.php\/wp-json\/wp\/v2\/pages\/612"}],"collection":[{"href":"https:\/\/szkolysalomon.pl\/index.php\/wp-json\/wp\/v2\/pages"}],"about":[{"href":"https:\/\/szkolysalomon.pl\/index.php\/wp-json\/wp\/v2\/types\/page"}],"author":[{"embeddable":true,"href":"https:\/\/szkolysalomon.pl\/index.php\/wp-json\/wp\/v2\/users\/1"}],"replies":[{"embeddable":true,"href":"https:\/\/szkolysalomon.pl\/index.php\/wp-json\/wp\/v2\/comments?post=612"}],"version-history":[{"count":1,"href":"https:\/\/szkolysalomon.pl\/index.php\/wp-json\/wp\/v2\/pages\/612\/revisions"}],"predecessor-version":[{"id":613,"href":"https:\/\/szkolysalomon.pl\/index.php\/wp-json\/wp\/v2\/pages\/612\/revisions\/613"}],"wp:attachment":[{"href":"https:\/\/szkolysalomon.pl\/index.php\/wp-json\/wp\/v2\/media?parent=612"}],"curies":[{"name":"wp","href":"https:\/\/api.w.org\/{rel}","templated":true}]}}