{"id":587,"date":"2019-04-28T11:39:25","date_gmt":"2019-04-28T09:39:25","guid":{"rendered":"http:\/\/serwer1421977.home.pl\/kwiecien19\/like\/?page_id=587"},"modified":"2019-04-28T11:39:25","modified_gmt":"2019-04-28T09:39:25","slug":"sobre-la-escuela","status":"publish","type":"page","link":"https:\/\/szkolysalomon.pl\/index.php\/es\/sobre-la-escuela\/","title":{"rendered":"SOBRE LA ESCUELA"},"content":{"rendered":"<p>[et_pb_section bb_built=&#8221;1&#8243; _builder_version=&#8221;3.17.6&#8243;][et_pb_row _builder_version=&#8221;3.17.6&#8243; custom_padding=&#8221;0|0px|27px|0px|false|false&#8221;][et_pb_column type=&#8221;4_4&#8243;][et_pb_text background_blend=&#8221;overlay&#8221; _builder_version=&#8221;3.17.6&#8243; background_image=&#8221;http:\/\/serwer1421977.home.pl\/kwiecien19\/like\/wp-content\/uploads\/2019\/04\/6.jpg&#8221; background_color=&#8221;rgba(255,255,255,0.66)&#8221; text_text_color=&#8221;#000000&#8243; custom_padding=&#8221;25px|25px|25px|25px|true|true&#8221;]<\/p>\n<div id=\"wrapper\">\n<div id=\"main\">\n<div class=\"section section_3\">\n<div class=\"content-container\">\n<h1>SOBRE LA ESCUELA \/<\/h1>\n<p>La familia es el entorno natural del desarrollo del ni\u00f1o y los padres desempe\u00f1an el papel de su primeros tutores. Se supone que la escuela apoya a la familia en su funci\u00f3n de transmitir el conocimiento y educar, de ah\u00ed la necesidad de colaboraci\u00f3n entre la escuela y el hogar. Los valores y las costumbres familiares deber\u00edan confirmarse y rezforzarse en la escuela. S\u00f3lo as\u00ed el ni\u00f1o puede libremente crecer y desarrollarse con seguridad.<\/p>\n<p>Hoy en d\u00eda el hombre recibe constantemente gran cantidad de diferentes informaciones y sensaciones que vienen de diversas fuentes, incluyendo las indeseadas.<\/p>\n<p>En tal situaci\u00f3n el ni\u00f1o a menudo resulta ser indefenso y recibe sin cr\u00edtica los comunicados contradictorios, lo que crea la sensaci\u00f3n de c\u00e1os en su manera de percibir y entender el mundo. La escuela, a la par que la familia, ayuda al ni\u00f1o organizar y estructurar esta imagen del mundo, as\u00ed que sea armonizable con el mundo de valores.<\/p>\n<p>Lo especialmente importante es el respeto por la verdad. La escuela puede apoyar considerablemente a la familia en el campo del desarrollo personal del ni\u00f1o planteando exigencias cuyo prop\u00f3sito es la incitaci\u00f3n a modelar la personalidad, superar las dificultades y alcanzar los objetivos. Adem\u00e1s, la escuela es un lugar de encuentros de diferentes. Su papel es especialmente significativo a la hora de ganar experiencias relacionadas con la cooperaci\u00f3n en el grupo paritario y la entrada en el mundo de leyes y deberes c\u00edvicos. El conocimiento necesario de la propia historia nacional, literatura, cultra y mundo natural permite desarrollar una actitud saludable de orgullo por su propio pa\u00eds y anhelo a cultivar la tradici\u00f3n en el futuro.<\/p>\n<p>El desarrollo del j\u00f3ven resultar\u00eda incompleto sin tener en cuenta su dimensi\u00f3n espiritual. Aqu\u00ed tambi\u00e9n hace falta ofrecer modelos e incentivos.<\/p>\n<p>En particular, prestamos atenci\u00f3n al enfoque individual a cada alumno, intentamos descubrir sus talentos y ayudar a desarrollarlos. Eso facilita desarrollar una autoestima sana y encotrar su propio lugar en la comunidad escolar.<\/p>\n<p>La cordialidad y la confianza demostrada por el maestro conlleva a la misma actitud de los alumnos, lo que constituye la base para el proceso realmente eficaz del aprenidazje y la educaci\u00f3n.<\/p>\n<\/div>\n<\/div>\n<\/div>\n<\/div>\n<p>[\/et_pb_text][\/et_pb_column][\/et_pb_row][\/et_pb_section]<\/p>\n","protected":false},"excerpt":{"rendered":"<p>[et_pb_section bb_built=&#8221;1&#8243; _builder_version=&#8221;3.17.6&#8243;][et_pb_row _builder_version=&#8221;3.17.6&#8243; custom_padding=&#8221;0|0px|27px|0px|false|false&#8221;][et_pb_column type=&#8221;4_4&#8243;][et_pb_text background_blend=&#8221;overlay&#8221; _builder_version=&#8221;3.17.6&#8243; background_image=&#8221;http:\/\/serwer1421977.home.pl\/kwiecien19\/like\/wp-content\/uploads\/2019\/04\/6.jpg&#8221; background_color=&#8221;rgba(255,255,255,0.66)&#8221; text_text_color=&#8221;#000000&#8243; custom_padding=&#8221;25px|25px|25px|25px|true|true&#8221;] SOBRE LA ESCUELA \/ La familia es el entorno natural del desarrollo del ni\u00f1o y los padres desempe\u00f1an el papel de su primeros tutores. Se supone que la escuela apoya a la familia en su funci\u00f3n de transmitir el conocimiento y educar, de [&hellip;]<\/p>\n","protected":false},"author":1,"featured_media":0,"parent":0,"menu_order":0,"comment_status":"closed","ping_status":"closed","template":"","meta":{"_et_pb_use_builder":"on","_et_pb_old_content":""},"_links":{"self":[{"href":"https:\/\/szkolysalomon.pl\/index.php\/wp-json\/wp\/v2\/pages\/587"}],"collection":[{"href":"https:\/\/szkolysalomon.pl\/index.php\/wp-json\/wp\/v2\/pages"}],"about":[{"href":"https:\/\/szkolysalomon.pl\/index.php\/wp-json\/wp\/v2\/types\/page"}],"author":[{"embeddable":true,"href":"https:\/\/szkolysalomon.pl\/index.php\/wp-json\/wp\/v2\/users\/1"}],"replies":[{"embeddable":true,"href":"https:\/\/szkolysalomon.pl\/index.php\/wp-json\/wp\/v2\/comments?post=587"}],"version-history":[{"count":1,"href":"https:\/\/szkolysalomon.pl\/index.php\/wp-json\/wp\/v2\/pages\/587\/revisions"}],"predecessor-version":[{"id":588,"href":"https:\/\/szkolysalomon.pl\/index.php\/wp-json\/wp\/v2\/pages\/587\/revisions\/588"}],"wp:attachment":[{"href":"https:\/\/szkolysalomon.pl\/index.php\/wp-json\/wp\/v2\/media?parent=587"}],"curies":[{"name":"wp","href":"https:\/\/api.w.org\/{rel}","templated":true}]}}