{"id":581,"date":"2019-04-28T11:33:55","date_gmt":"2019-04-28T09:33:55","guid":{"rendered":"http:\/\/serwer1421977.home.pl\/kwiecien19\/like\/?page_id=581"},"modified":"2019-04-28T11:36:23","modified_gmt":"2019-04-28T09:36:23","slug":"consultorio","status":"publish","type":"page","link":"https:\/\/szkolysalomon.pl\/index.php\/es\/consultorio\/","title":{"rendered":"CONSULTORIO"},"content":{"rendered":"<p>[et_pb_section bb_built=&#8221;1&#8243; _builder_version=&#8221;3.17.6&#8243;][et_pb_row custom_padding=&#8221;0|0px|27px|0px|false|false&#8221; _builder_version=&#8221;3.17.6&#8243;][et_pb_column type=&#8221;4_4&#8243;][et_pb_text _builder_version=&#8221;3.17.6&#8243;]<\/p>\n<h1>CONSULTORIO<\/h1>\n<div class=\"box_newtxt\">\n<p>Sprostanie rosn\u0105cym wymaganiom dnia codziennego jest dla wielu dzieci szczeg\u00f3lnie uci\u0105\u017cliwe i pozbawia je naturalnej rado\u015bci \u017cycia. W naszej Poradni staramy si\u0119 pom\u00f3c zw\u0142aszcza rodzinom dzieci w wieku szkolnym i samym uczniom poprzez wspomaganie ich rozwoju i efektywno\u015bci uczenia si\u0119: \u2013 udzielamy porad i konsultacji psychologicznych i pedagogicznych, \u2013 wykonujemy diagnozy psychologiczne i pedagogiczne dzieci i m\u0142odzie\u017cy, \u2013 wspomagamy rodzicom zaniepokojonym nieadekwatnymi zachowaniami u dzieci, \u2013 wspieramy w trudnych sytuacjach \u017cyciowych, \u2013 prowadzimy badania i wydajemy opinie wymagane podczas rekrutacji w systemie edukacji pozaszkolnej.<\/p>\n<p><strong>DIAGNOZA<\/strong><\/p>\n<p>Diagnoza psychologiczna i pedagogiczna stanowi podstaw\u0119 do podj\u0119cia stosownej terapii s\u0142u\u017c\u0105cej przezwyci\u0119\u017ceniu napotykanych przez dziecko trudno\u015bci. Indywidualna diagnoza postawiona w wyniku bada\u0144 pozwala na rozpoznanie: \u2013 przyczyn niepowodze\u0144 szkolnych \u2013 przyczyn trudno\u015bci wychowawczych \u2013 specyficznych trudno\u015bci w uczeniu oraz na: \u2013 ocen\u0119 gotowo\u015bci szkolnej dziecka \u2013 eliminowanie zaburze\u0144 zachowania \u2013 eliminowanie dysharmonii rozwojowych.<\/p>\n<p><strong>TERAPIA<\/strong><\/p>\n<p>R\u00f3\u017cnorodne formy zaj\u0119\u0107 terapeutycznych maj\u0105 na celu udzielenie pomocy rodzicom i ich dzieciom w przezwyci\u0119\u017caniu trudno\u015bci w nauce, trudno\u015bci wychowawczych oraz wyst\u0119puj\u0105cych zaburze\u0144. Terapia mo\u017ce by\u0107 prowadzona w zale\u017cno\u015bci od potrzeb indywidualnie lub grupowo.<\/p>\n<p>Prowadzimy terapi\u0119: \u2013 zaburze\u0144 emocjonalnych i psychosomatycznych dzieci w m\u0142odszym wieku szkolnym \u2013 zaburze\u0144 w my\u015bleniu matematycznym (dla dzieci ze specyficznymi trudno\u015bciami w nauce) \u2013 zaburze\u0144 mowy i porozumiewania si\u0119 (dla dzieci ze specyficznymi trudno\u015bciami w nauce) Realizujemy zaj\u0119cia reedukacyjne, terapi\u0119 metod\u0105 integracji sensorycznej a tak\u017ce trening zdolno\u015bci intelektualnych dzieci.<\/p>\n<p><strong>DZIA\u0141ANIA PROFILAKTYCZNE<\/strong><\/p>\n<p>Prowadzimy warsztaty: &#8211; dla rodzic\u00f3w dzieci z objawami ADHD \u2013 opanowania agresji, zapobiegaj\u0105ce zaburzeniom emocjonalnym, uzale\u017cnieniom, nieprzystosowaniu spo\u0142ecznemu (dla dzieci i m\u0142odzie\u017cy) \u2013 radzenia sobie ze stresem (dla dzieci i rodzic\u00f3w).<\/p>\n<p><strong>DORADZTWO<\/strong>\u00a0Poradnia prowadzi poradnictwo rodzinne w zakresie: &#8211; rozwi\u0105zywania problem\u00f3w wychowawczych &#8211; rozwi\u0105zywania konflikt\u00f3w rodzinnych &#8211; wspomagania rozwoju dzieci i m\u0142odzie\u017cy \u2013 metod skutecznego uczenia si\u0119 &#8211; pokonywania trudno\u015bci w nauce \u2013 rozpoznawania szczeg\u00f3lnych zdolno\u015bci \u2013 wyboru kierunku kszta\u0142cenia i zawodu.<\/p>\n<p>\u00a0<\/p>\n<h2><strong>PORADNIA TEL. +48 518 717 077<\/strong><\/h2>\n<p>poradnia @ szkolysalomon.pl<\/p>\n<\/div>\n<p>[\/et_pb_text][\/et_pb_column][\/et_pb_row][\/et_pb_section]<\/p>\n","protected":false},"excerpt":{"rendered":"<p>[et_pb_section bb_built=&#8221;1&#8243; _builder_version=&#8221;3.17.6&#8243;][et_pb_row custom_padding=&#8221;0|0px|27px|0px|false|false&#8221; _builder_version=&#8221;3.17.6&#8243;][et_pb_column type=&#8221;4_4&#8243;][et_pb_text _builder_version=&#8221;3.17.6&#8243;] CONSULTORIO Sprostanie rosn\u0105cym wymaganiom dnia codziennego jest dla wielu dzieci szczeg\u00f3lnie uci\u0105\u017cliwe i pozbawia je naturalnej rado\u015bci \u017cycia. W naszej Poradni staramy si\u0119 pom\u00f3c zw\u0142aszcza rodzinom dzieci w wieku szkolnym i samym uczniom poprzez wspomaganie ich rozwoju i efektywno\u015bci uczenia si\u0119: \u2013 udzielamy porad i konsultacji psychologicznych i [&hellip;]<\/p>\n","protected":false},"author":1,"featured_media":0,"parent":0,"menu_order":0,"comment_status":"closed","ping_status":"closed","template":"","meta":{"_et_pb_use_builder":"on","_et_pb_old_content":""},"_links":{"self":[{"href":"https:\/\/szkolysalomon.pl\/index.php\/wp-json\/wp\/v2\/pages\/581"}],"collection":[{"href":"https:\/\/szkolysalomon.pl\/index.php\/wp-json\/wp\/v2\/pages"}],"about":[{"href":"https:\/\/szkolysalomon.pl\/index.php\/wp-json\/wp\/v2\/types\/page"}],"author":[{"embeddable":true,"href":"https:\/\/szkolysalomon.pl\/index.php\/wp-json\/wp\/v2\/users\/1"}],"replies":[{"embeddable":true,"href":"https:\/\/szkolysalomon.pl\/index.php\/wp-json\/wp\/v2\/comments?post=581"}],"version-history":[{"count":2,"href":"https:\/\/szkolysalomon.pl\/index.php\/wp-json\/wp\/v2\/pages\/581\/revisions"}],"predecessor-version":[{"id":583,"href":"https:\/\/szkolysalomon.pl\/index.php\/wp-json\/wp\/v2\/pages\/581\/revisions\/583"}],"wp:attachment":[{"href":"https:\/\/szkolysalomon.pl\/index.php\/wp-json\/wp\/v2\/media?parent=581"}],"curies":[{"name":"wp","href":"https:\/\/api.w.org\/{rel}","templated":true}]}}