{"id":578,"date":"2019-04-28T11:30:36","date_gmt":"2019-04-28T09:30:36","guid":{"rendered":"http:\/\/serwer1421977.home.pl\/kwiecien19\/like\/?page_id=578"},"modified":"2019-04-28T11:32:36","modified_gmt":"2019-04-28T09:32:36","slug":"bachillerato","status":"publish","type":"page","link":"https:\/\/szkolysalomon.pl\/index.php\/es\/bachillerato\/","title":{"rendered":"BACHILLERATO"},"content":{"rendered":"<p>[et_pb_section bb_built=&#8221;1&#8243; _builder_version=&#8221;3.17.6&#8243;][et_pb_row _builder_version=&#8221;3.17.6&#8243; custom_padding=&#8221;0|0px|27px|0px|false|false&#8221;][et_pb_column type=&#8221;4_4&#8243;][et_pb_text _builder_version=&#8221;3.17.6&#8243;]<\/p>\n<h1>BACHILLERATO<\/h1>\n<div class=\"box_newtxt\">\n<p>Ense\u00f1amos en las clases I-III.<\/p>\n<p>Llevamos a cabo un programa vigente conforme al curr\u00edculum com\u00fan del MEN, preparamos para matura (en Polonia: examenes finales) y para la educaci\u00f3n superior.<\/p>\n<p>El trabajo se realiza en gran medida mediante un sistema de cursos (conferencias, talleres, e-learning, consultas) en niveles diferentes, conforme a las necesidades individuales de los alumnos.<\/p>\n<p>Los cursos avanzados de cada materia se realizan conforme a las preferencias de los alumnos \u2013 especialmente en el a\u00f1o final antes de matura. Practicamos los tests tipo matura, lo que es necesario para aprobar los examenes finales. No obstante, seguimos con nuestro esfuerzo de desarrollar la curiosidad y el pensamiento independiente de los alumnos.<\/p>\n<p>ESTATUTO<\/p>\n<p>SISTEMA DE GESTI\u00d3N DE LOS ARCHIVOS PARA EL INSTITUTO<\/p>\n<p>\u00cdNDICE DE ARCHIVOS POR MATERIAS PARA EL INSTITUTO<\/p>\n<p>LOS PROGRAMAS ESCOALRES DE ENSE\u00d1ANZA PARA EL INSTITUTO<\/p>\n<p>LA LISTA DE MANUALES PARA EL INSTITUTO<\/p>\n<p>EL \u00cdNDICE DE LOS PROGRAMAS ESCOALRES PARA EL INSTITUTO<\/p>\n<p>EL CONJUNTO DE MANUALES SOLICITUD NR 1<\/p>\n<p>EL CONJUNTO DE MANUALES SOLICITUD NR 2<\/p>\n<\/div>\n<p>[\/et_pb_text][\/et_pb_column][\/et_pb_row][\/et_pb_section]<\/p>\n","protected":false},"excerpt":{"rendered":"<p>[et_pb_section bb_built=&#8221;1&#8243; _builder_version=&#8221;3.17.6&#8243;][et_pb_row _builder_version=&#8221;3.17.6&#8243; custom_padding=&#8221;0|0px|27px|0px|false|false&#8221;][et_pb_column type=&#8221;4_4&#8243;][et_pb_text _builder_version=&#8221;3.17.6&#8243;] BACHILLERATO Ense\u00f1amos en las clases I-III. Llevamos a cabo un programa vigente conforme al curr\u00edculum com\u00fan del MEN, preparamos para matura (en Polonia: examenes finales) y para la educaci\u00f3n superior. El trabajo se realiza en gran medida mediante un sistema de cursos (conferencias, talleres, e-learning, consultas) en niveles [&hellip;]<\/p>\n","protected":false},"author":1,"featured_media":0,"parent":0,"menu_order":0,"comment_status":"closed","ping_status":"closed","template":"","meta":{"_et_pb_use_builder":"on","_et_pb_old_content":""},"_links":{"self":[{"href":"https:\/\/szkolysalomon.pl\/index.php\/wp-json\/wp\/v2\/pages\/578"}],"collection":[{"href":"https:\/\/szkolysalomon.pl\/index.php\/wp-json\/wp\/v2\/pages"}],"about":[{"href":"https:\/\/szkolysalomon.pl\/index.php\/wp-json\/wp\/v2\/types\/page"}],"author":[{"embeddable":true,"href":"https:\/\/szkolysalomon.pl\/index.php\/wp-json\/wp\/v2\/users\/1"}],"replies":[{"embeddable":true,"href":"https:\/\/szkolysalomon.pl\/index.php\/wp-json\/wp\/v2\/comments?post=578"}],"version-history":[{"count":2,"href":"https:\/\/szkolysalomon.pl\/index.php\/wp-json\/wp\/v2\/pages\/578\/revisions"}],"predecessor-version":[{"id":580,"href":"https:\/\/szkolysalomon.pl\/index.php\/wp-json\/wp\/v2\/pages\/578\/revisions\/580"}],"wp:attachment":[{"href":"https:\/\/szkolysalomon.pl\/index.php\/wp-json\/wp\/v2\/media?parent=578"}],"curies":[{"name":"wp","href":"https:\/\/api.w.org\/{rel}","templated":true}]}}