{"id":5,"date":"2019-04-20T16:20:55","date_gmt":"2019-04-20T14:20:55","guid":{"rendered":"http:\/\/serwer1421977.home.pl\/kwiecien19\/like\/index.php\/szkola-podstawowa\/"},"modified":"2019-04-28T11:05:47","modified_gmt":"2019-04-28T09:05:47","slug":"szkola-podstawowa","status":"publish","type":"page","link":"https:\/\/szkolysalomon.pl\/index.php\/szkola-podstawowa\/","title":{"rendered":"SZKO\u0141A PODSTAWOWA"},"content":{"rendered":"<p>[et_pb_section fb_built=&#8221;1&#8243; _builder_version=&#8221;3.17.6&#8243;][et_pb_row custom_padding=&#8221;0|0px|27px|0px|false|false&#8221; _builder_version=&#8221;3.17.6&#8243;][et_pb_column type=&#8221;4_4&#8243; _builder_version=&#8221;3.17.6&#8243; parallax=&#8221;off&#8221; parallax_method=&#8221;on&#8221;][et_pb_text _builder_version=&#8221;3.17.6&#8243;]<\/p>\n<h1>SZKO\u0141A PODSTAWOWA<\/h1>\n<div class=\"box_newtxt\">\n<p>Nauczamy w klasach: 0 (zer\u00f3wka), I-III (nauczanie zintegrowane) oraz IV-VI. K\u0142adziemy nacisk na osobisty rozw\u00f3j ucznia i tworzenie prawid\u0142owych relacji w grupie.<\/p>\n<p>Realizujemy program obowi\u0105zuj\u0105cy zgodnie z podstaw\u0105 programow\u0105 MEN z zastosowaniem zindywidualizowanego systemu oddzia\u0142ywa\u0144 psychologiczno-pedagogicznych tak, by rozwija\u0107 w\u0142asne talenty dzieci i w\u0142a\u015bciw\u0105 dla tego wieku naturaln\u0105 ciekawo\u015b\u0107 \u015bwiata. W\u015br\u00f3d metod pracy stosujemy tak\u017ce warsztaty tematyczne oraz projekty realizowane wsp\u00f3lnie w grupach roboczych. Nie \u201ezadajemy\u201c do domu, poniewa\u017c to szko\u0142a ma wspomaga\u0107 dom a nie obci\u0105\u017ca\u0107 dodatkowo rodzic\u00f3w. W klasach m\u0142odszych k\u0142adziemy nacisk na p\u0142ynne czytanie i pisanie, chcemy aby nasi uczniowie zaprzyja\u017anili si\u0119 z ksi\u0105\u017ck\u0105 co znacznie u\u0142atwia dalsze etapy edukacji.<\/p>\n<p><a href=\"http:\/\/serwer47456.lh.pl\/salomon\/materialy\/_upload\/STATUT_SZKOLY_SALOMON.pdf\"><img loading=\"lazy\" src=\"http:\/\/serwer1421977.home.pl\/kwiecien19\/like\/wp-content\/uploads\/2019\/04\/pdf.png\" width=\"21\" height=\"24\" alt=\"\" class=\"wp-image-51 alignnone size-full\" \/>STATUT<\/a><\/p>\n<p><a href=\"http:\/\/serwer47456.lh.pl\/salomon\/materialy\/_upload\/szkola_podstawowa\/Ankieta_szkola_podstawowa_24.pdf\"><\/a><a href=\"http:\/\/serwer47456.lh.pl\/salomon\/materialy\/_upload\/STATUT_SZKOLY_SALOMON.pdf\"><img loading=\"lazy\" src=\"http:\/\/serwer1421977.home.pl\/kwiecien19\/like\/wp-content\/uploads\/2019\/04\/pdf.png\" width=\"21\" height=\"24\" alt=\"\" class=\"wp-image-51 alignnone size-full\" \/><\/a><a href=\"http:\/\/serwer47456.lh.pl\/salomon\/materialy\/_upload\/szkola_podstawowa\/Ankieta_szkola_podstawowa_24.pdf\">ANKIETA NA TEMAT UCZNIA FORMAT PDF<\/a><\/p>\n<p><a href=\"http:\/\/serwer47456.lh.pl\/salomon\/materialy\/_upload\/szkola_podstawowa\/Ankieta_szkola_podstawowa_24.docx\"><\/a><a href=\"http:\/\/serwer47456.lh.pl\/salomon\/materialy\/_upload\/STATUT_SZKOLY_SALOMON.pdf\"><img loading=\"lazy\" src=\"http:\/\/serwer1421977.home.pl\/kwiecien19\/like\/wp-content\/uploads\/2019\/04\/pdf.png\" width=\"21\" height=\"24\" alt=\"\" class=\"wp-image-51 alignnone size-full\" \/><\/a><a href=\"http:\/\/serwer47456.lh.pl\/salomon\/materialy\/_upload\/szkola_podstawowa\/Ankieta_szkola_podstawowa_24.docx\">ANKIETA NA TEMAT UCZNIA FORMAT DOCX<\/a><\/p>\n<p><a href=\"http:\/\/serwer47456.lh.pl\/salomon\/materialy\/_upload\/szkola_podstawowa\/Wniosek_szkola_podstawowa__26.pdf\"><\/a><a href=\"http:\/\/serwer47456.lh.pl\/salomon\/materialy\/_upload\/STATUT_SZKOLY_SALOMON.pdf\"><img loading=\"lazy\" src=\"http:\/\/serwer1421977.home.pl\/kwiecien19\/like\/wp-content\/uploads\/2019\/04\/pdf.png\" width=\"21\" height=\"24\" alt=\"\" class=\"wp-image-51 alignnone size-full\" \/><\/a><a href=\"http:\/\/serwer47456.lh.pl\/salomon\/materialy\/_upload\/szkola_podstawowa\/Wniosek_szkola_podstawowa__26.pdf\">WNIOSEK O SPE\u0141NIANIE OBOWI\u0104ZKU SZKOLNEGO POZA SZKO\u0141A PDF<\/a><\/p>\n<p><a href=\"http:\/\/serwer47456.lh.pl\/salomon\/materialy\/_upload\/szkola_podstawowa\/Wniosek_szkola_podstawowa__26.docx\"><\/a><a href=\"http:\/\/serwer47456.lh.pl\/salomon\/materialy\/_upload\/STATUT_SZKOLY_SALOMON.pdf\"><img loading=\"lazy\" src=\"http:\/\/serwer1421977.home.pl\/kwiecien19\/like\/wp-content\/uploads\/2019\/04\/pdf.png\" width=\"21\" height=\"24\" alt=\"\" class=\"wp-image-51 alignnone size-full\" \/><\/a><a href=\"http:\/\/serwer47456.lh.pl\/salomon\/materialy\/_upload\/szkola_podstawowa\/Wniosek_szkola_podstawowa__26.docx\">WNIOSEK O SPE\u0141NIANIE OBOWI\u0104ZKU SZKOLNEGO POZA SZKO\u0141\u0104 DOCX<\/a><\/p>\n<p><a href=\"http:\/\/serwer47456.lh.pl\/salomon\/materialy\/_upload\/2015\/niezbednik_men.pdf\"><\/a><a href=\"http:\/\/serwer47456.lh.pl\/salomon\/materialy\/_upload\/STATUT_SZKOLY_SALOMON.pdf\"><img loading=\"lazy\" src=\"http:\/\/serwer1421977.home.pl\/kwiecien19\/like\/wp-content\/uploads\/2019\/04\/pdf.png\" width=\"21\" height=\"24\" alt=\"\" class=\"wp-image-51 alignnone size-full\" \/><\/a><a href=\"http:\/\/serwer47456.lh.pl\/salomon\/materialy\/_upload\/2015\/niezbednik_men.pdf\">NIEZB\u0118DNIK MEN 2015\/16<\/a><br \/> <a href=\"http:\/\/www.cke.edu.pl\/images\/_KOMUNIKATY\/20150427_Harmonogram_egzamin%C3%B3w_w_2016_r.pdf\">HARMONOGRAM EGZAMIN\u00d3W 2016<\/a><\/p>\n<p><a href=\"http:\/\/serwer47456.lh.pl\/salomon\/materialy\/_upload\/szkola_podstawowa\/rozporzadzenie_sp.pdf\"><\/a><a href=\"http:\/\/serwer47456.lh.pl\/salomon\/materialy\/_upload\/STATUT_SZKOLY_SALOMON.pdf\"><img loading=\"lazy\" src=\"http:\/\/serwer1421977.home.pl\/kwiecien19\/like\/wp-content\/uploads\/2019\/04\/pdf.png\" width=\"21\" height=\"24\" alt=\"\" class=\"wp-image-51 alignnone size-full\" \/><\/a><a href=\"http:\/\/serwer47456.lh.pl\/salomon\/materialy\/_upload\/szkola_podstawowa\/rozporzadzenie_sp.pdf\">Rozporz\u0105dzenie w sprawie podstawy programowej wychowania przedszkolnego oraz kszta\u0142cenia og\u00f3lnego w poszczeg\u00f3lnych typach szk\u00f3\u0142<br \/> <\/a><br \/> <a href=\"http:\/\/serwer47456.lh.pl\/salomon\/materialy\/_upload\/rozporzadzenie_20081223_zal_2.pdf\"><\/a><a href=\"http:\/\/serwer47456.lh.pl\/salomon\/materialy\/_upload\/STATUT_SZKOLY_SALOMON.pdf\"><img loading=\"lazy\" src=\"http:\/\/serwer1421977.home.pl\/kwiecien19\/like\/wp-content\/uploads\/2019\/04\/pdf.png\" width=\"21\" height=\"24\" alt=\"\" class=\"wp-image-51 alignnone size-full\" \/><\/a><a href=\"http:\/\/serwer47456.lh.pl\/salomon\/materialy\/_upload\/rozporzadzenie_20081223_zal_2.pdf\">Podstawa programowa kszta\u0142cenia og\u00f3lnego dla szk\u00f3\u0142 podstawowych<\/a><\/p>\n<p><strong>\u00a0\u00a0\u00a0\u00a0\u00a0\u00a0\u00a0\u00a0\u00a0\u00a0\u00a0\u00a0\u00a0\u00a0\u00a0\u00a0\u00a0\u00a0\u00a0\u00a0\u00a0\u00a0\u00a0\u00a0\u00a0\u00a0\u00a0\u00a0\u00a0\u00a0\u00a0\u00a0\u00a0\u00a0\u00a0\u00a0\u00a0\u00a0\u00a0\u00a0\u00a0\u00a0\u00a0\u00a0\u00a0\u00a0\u00a0\u00a0\u00a0\u00a0\u00a0\u00a0\u00a0\u00a0\u00a0\u00a0\u00a0\u00a0\u00a0\u00a0\u00a0\u00a0\u00a0\u00a0\u00a0\u00a0\u00a0\u00a0\u00a0\u00a0\u00a0\u00a0\u00a0\u00a0\u00a0\u00a0\u00a0\u00a0\u00a0\u00a0\u00a0\u00a0\u00a0\u00a0\u00a0\u00a0\u00a0\u00a0\u00a0\u00a0\u00a0\u00a0\u00a0\u00a0\u00a0\u00a0\u00a0\u00a0\u00a0<\/strong><\/p>\n<p><strong>\u00a0 \u00a0 \u00a0 ZER\u00d3WKA<\/strong><\/p>\n<p><a href=\"http:\/\/serwer47456.lh.pl\/salomon\/materialy\/_upload\/ARKUSZ_OBSERWACJI_DZIECKA_5.pdf\"><\/a><a href=\"http:\/\/serwer47456.lh.pl\/salomon\/materialy\/_upload\/STATUT_SZKOLY_SALOMON.pdf\"><img loading=\"lazy\" src=\"http:\/\/serwer1421977.home.pl\/kwiecien19\/like\/wp-content\/uploads\/2019\/04\/pdf.png\" width=\"21\" height=\"24\" alt=\"\" class=\"wp-image-51 alignnone size-full\" \/><\/a><a href=\"http:\/\/serwer47456.lh.pl\/salomon\/materialy\/_upload\/ARKUSZ_OBSERWACJI_DZIECKA_5.pdf\">ARKUSZ OBSERWACJI &#8211; ZER\u00d3WKA<\/a><br \/> <a href=\"http:\/\/serwer47456.lh.pl\/salomon\/materialy\/_upload\/STATUT_SZKOLY_SALOMON.pdf\"><img loading=\"lazy\" src=\"http:\/\/serwer1421977.home.pl\/kwiecien19\/like\/wp-content\/uploads\/2019\/04\/pdf.png\" width=\"21\" height=\"24\" alt=\"\" class=\"wp-image-51 alignnone size-full\" \/><\/a><a href=\"http:\/\/serwer47456.lh.pl\/salomon\/materialy\/_upload\/2015\/wniosek_o_odroczenie.pdf\">WNIOSEK O ODROCZENIE OBOWI\u0104ZKU SZKOLNEGO PDF<\/a><br \/> <a href=\"http:\/\/serwer47456.lh.pl\/salomon\/materialy\/_upload\/STATUT_SZKOLY_SALOMON.pdf\"><img loading=\"lazy\" src=\"http:\/\/serwer1421977.home.pl\/kwiecien19\/like\/wp-content\/uploads\/2019\/04\/pdf.png\" width=\"21\" height=\"24\" alt=\"\" class=\"wp-image-51 alignnone size-full\" \/><\/a><a href=\"http:\/\/serwer47456.lh.pl\/salomon\/materialy\/_upload\/2015\/wniosek_o_odroczenie.docx\">WNIOSEK O ODROCZENIE OBOWI\u0104ZKU SZKOLNEGO DOCX<\/a><br \/> <a href=\"http:\/\/serwer47456.lh.pl\/salomon\/materialy\/_upload\/STATUT_SZKOLY_SALOMON.pdf\"><img loading=\"lazy\" src=\"http:\/\/serwer1421977.home.pl\/kwiecien19\/like\/wp-content\/uploads\/2019\/04\/pdf.png\" width=\"21\" height=\"24\" alt=\"\" class=\"wp-image-51 alignnone size-full\" \/><\/a><a href=\"http:\/\/serwer47456.lh.pl\/salomon\/materialy\/_upload\/oswiadczenie_o_zamieszkaniuA.pdf\">O\u015aWIADCZENIE O ZAMIESZKANIU PDF<span>\u00a0<\/span><\/a><br \/> <a href=\"http:\/\/serwer47456.lh.pl\/salomon\/materialy\/_upload\/oswiadczenie_o_zamieszkaniu.docx\"><\/a><a href=\"http:\/\/serwer47456.lh.pl\/salomon\/materialy\/_upload\/STATUT_SZKOLY_SALOMON.pdf\"><img loading=\"lazy\" src=\"http:\/\/serwer1421977.home.pl\/kwiecien19\/like\/wp-content\/uploads\/2019\/04\/pdf.png\" width=\"21\" height=\"24\" alt=\"\" class=\"wp-image-51 alignnone size-full\" \/><\/a><a href=\"http:\/\/serwer47456.lh.pl\/salomon\/materialy\/_upload\/oswiadczenie_o_zamieszkaniu.docx\">O\u015aWIADCZENIE O ZAMIESZKANIU DOCX<\/a><br \/> <a href=\"http:\/\/serwer47456.lh.pl\/salomon\/materialy\/_upload\/STATUT_SZKOLY_SALOMON.pdf\"><img loading=\"lazy\" src=\"http:\/\/serwer1421977.home.pl\/kwiecien19\/like\/wp-content\/uploads\/2019\/04\/pdf.png\" width=\"21\" height=\"24\" alt=\"\" class=\"wp-image-51 alignnone size-full\" \/><\/a><a href=\"http:\/\/serwer47456.lh.pl\/salomon\/materialy\/_upload\/2015\/podstawa_przedszkole.pdf\">PODSTAWA PROGRAMOWA PRZEDSZKOLE<\/a><\/p>\n<p><strong>SZKO\u0141A PODSTAWOWA<\/strong><\/p>\n<p><a href=\"http:\/\/serwer47456.lh.pl\/salomon\/materialy\/_upload\/2015\/podstawa_sp.pdf\"><\/a><a href=\"http:\/\/serwer47456.lh.pl\/salomon\/materialy\/_upload\/STATUT_SZKOLY_SALOMON.pdf\"><img loading=\"lazy\" src=\"http:\/\/serwer1421977.home.pl\/kwiecien19\/like\/wp-content\/uploads\/2019\/04\/pdf.png\" width=\"21\" height=\"24\" alt=\"\" class=\"wp-image-51 alignnone size-full\" \/><\/a><a href=\"http:\/\/serwer47456.lh.pl\/salomon\/materialy\/_upload\/2015\/podstawa_sp.pdf\">PODSTAWA PROGRAMOWA SP<\/a><\/p>\n<p>&nbsp;<\/p>\n<p><strong>EGZAMINY KLASYFIKACYJNE<\/strong><\/p>\n<p><a href=\"http:\/\/serwer47456.lh.pl\/salomon\/materialy\/_upload\/20140903_Procedury_Sprawdzian.pdf\"><\/a><a href=\"http:\/\/serwer47456.lh.pl\/salomon\/materialy\/_upload\/STATUT_SZKOLY_SALOMON.pdf\"><img loading=\"lazy\" src=\"http:\/\/serwer1421977.home.pl\/kwiecien19\/like\/wp-content\/uploads\/2019\/04\/pdf.png\" width=\"21\" height=\"24\" alt=\"\" class=\"wp-image-51 alignnone size-full\" \/><\/a><a href=\"http:\/\/serwer47456.lh.pl\/salomon\/materialy\/_upload\/20140903_Procedury_Sprawdzian.pdf\">EGZAMINY KLASYFIKACYJNE KLASY I-VI<\/a><\/p>\n<p><strong><br \/> SZKOLNE PROGRAMY NAUCZANIA<\/strong><\/p>\n<p><a href=\"http:\/\/serwer47456.lh.pl\/salomon\/materialy\/_upload\/2015\/Wykaz_szkolnych_programow_nauczania.pdf\"><\/a><a href=\"http:\/\/serwer47456.lh.pl\/salomon\/materialy\/_upload\/STATUT_SZKOLY_SALOMON.pdf\"><img loading=\"lazy\" src=\"http:\/\/serwer1421977.home.pl\/kwiecien19\/like\/wp-content\/uploads\/2019\/04\/pdf.png\" width=\"21\" height=\"24\" alt=\"\" class=\"wp-image-51 alignnone size-full\" \/><\/a><a href=\"http:\/\/serwer47456.lh.pl\/salomon\/materialy\/_upload\/2015\/Wykaz_szkolnych_programow_nauczania.pdf\">WYKAZ PODR\u0118CZNIK\u00d3W I-VI<span>\u00a0<\/span><\/a><a href=\"http:\/\/serwer47456.lh.pl\/salomon\/materialy\/_upload\/2015\/Wykaz_szkolnych_programow_nauczania.pdf\">2015\/16<\/a><\/p>\n<p><strong><\/strong><\/p>\n<p><strong>SPRAWDZIAN<\/strong><\/p>\n<p><a href=\"http:\/\/www.cke.edu.pl\/images\/files\/sprawdzian_2015\/Informator_S1.pdf\"><\/a><a href=\"http:\/\/serwer47456.lh.pl\/salomon\/materialy\/_upload\/STATUT_SZKOLY_SALOMON.pdf\"><img loading=\"lazy\" src=\"http:\/\/serwer1421977.home.pl\/kwiecien19\/like\/wp-content\/uploads\/2019\/04\/pdf.png\" width=\"21\" height=\"24\" alt=\"\" class=\"wp-image-51 alignnone size-full\" \/><\/a><a href=\"http:\/\/www.cke.edu.pl\/images\/files\/sprawdzian_2015\/Informator_S1.pdf\">INFORMATOR O SPRAWDZIANE SZ\u00d3STOKLASISTY 2016<\/a><\/p>\n<p>&nbsp;<\/p>\n<p><strong>PODR\u0118CZNIKI<\/strong><\/p>\n<p><a href=\"http:\/\/serwer47456.lh.pl\/salomon\/materialy\/_upload\/wykaz_podrecznikowSP.pdf\" target=\"_blank\" rel=\"noopener noreferrer\"><\/a><a href=\"http:\/\/serwer47456.lh.pl\/salomon\/materialy\/_upload\/STATUT_SZKOLY_SALOMON.pdf\"><img loading=\"lazy\" src=\"http:\/\/serwer1421977.home.pl\/kwiecien19\/like\/wp-content\/uploads\/2019\/04\/pdf.png\" width=\"21\" height=\"24\" alt=\"\" class=\"wp-image-51 alignnone size-full\" \/><\/a><a href=\"http:\/\/serwer47456.lh.pl\/salomon\/materialy\/_upload\/wykaz_podrecznikowSP.pdf\" target=\"_blank\" rel=\"noopener noreferrer\">WYKAZ PODR\u0118CZNIK\u00d3W SZKO\u0141A PODSTAWOWA<\/a><br \/> <a href=\"http:\/\/serwer47456.lh.pl\/salomon\/materialy\/_upload\/STATUT_SZKOLY_SALOMON.pdf\"><img loading=\"lazy\" src=\"http:\/\/serwer1421977.home.pl\/kwiecien19\/like\/wp-content\/uploads\/2019\/04\/pdf.png\" width=\"21\" height=\"24\" alt=\"\" class=\"wp-image-51 alignnone size-full\" \/><\/a><a href=\"http:\/\/serwer47456.lh.pl\/salomon\/materialy\/_upload\/rozporzadzenie_20081223_zal_2.pdf\" target=\"_blank\" rel=\"noopener noreferrer\">SZKOLNY SPIS PROGRAM\u00d3W DLA<br \/> <\/a><a href=\"http:\/\/serwer47456.lh.pl\/salomon\/materialy\/_upload\/STATUT_SZKOLY_SALOMON.pdf\"><img loading=\"lazy\" src=\"http:\/\/serwer1421977.home.pl\/kwiecien19\/like\/wp-content\/uploads\/2019\/04\/pdf.png\" width=\"21\" height=\"24\" alt=\"\" class=\"wp-image-51 alignnone size-full\" \/><\/a><a href=\"http:\/\/serwer47456.lh.pl\/salomon\/materialy\/_upload\/rozporzadzenie_20081223_zal_2.pdf\" target=\"_blank\" rel=\"noopener noreferrer\">SZKO\u0141Y PODSTAWOWEJ<\/a><\/p>\n<p><strong>ZAGADNIENIA EGZAMINACYJNE<\/strong><\/p>\n<p><a href=\"http:\/\/serwer47456.lh.pl\/salomon\/materialy\/_upload\/szkola_podstawowa\/zagadnienia_egzaminacyjne_IV.pdf\"><\/a><a href=\"http:\/\/serwer47456.lh.pl\/salomon\/materialy\/_upload\/STATUT_SZKOLY_SALOMON.pdf\"><img loading=\"lazy\" src=\"http:\/\/serwer1421977.home.pl\/kwiecien19\/like\/wp-content\/uploads\/2019\/04\/pdf.png\" width=\"21\" height=\"24\" alt=\"\" class=\"wp-image-51 alignnone size-full\" \/><\/a><a href=\"http:\/\/serwer47456.lh.pl\/salomon\/materialy\/_upload\/szkola_podstawowa\/zagadnienia_egzaminacyjne_IV.pdf\">ZAGADNIENIA EGZAMINACYJNE KL IV FORMAT PDF<\/a><br \/> <a href=\"http:\/\/serwer47456.lh.pl\/salomon\/materialy\/_upload\/STATUT_SZKOLY_SALOMON.pdf\"><img loading=\"lazy\" src=\"http:\/\/serwer1421977.home.pl\/kwiecien19\/like\/wp-content\/uploads\/2019\/04\/pdf.png\" width=\"21\" height=\"24\" alt=\"\" class=\"wp-image-51 alignnone size-full\" \/><\/a><a href=\"http:\/\/serwer47456.lh.pl\/salomon\/materialy\/_upload\/szkola_podstawowa\/Zagadnienia_egzaminacyjne_V_SP.pdf\">ZAGADNIENIA EGZAMINACYJNE KL V FORMAT PDF<\/a><br \/> <a href=\"http:\/\/serwer47456.lh.pl\/salomon\/materialy\/_upload\/szkola_podstawowa\/zagadnienia_egzaminacyjne_VI_SP.pdf\"><\/a><a href=\"http:\/\/serwer47456.lh.pl\/salomon\/materialy\/_upload\/STATUT_SZKOLY_SALOMON.pdf\"><img loading=\"lazy\" src=\"http:\/\/serwer1421977.home.pl\/kwiecien19\/like\/wp-content\/uploads\/2019\/04\/pdf.png\" width=\"21\" height=\"24\" alt=\"\" class=\"wp-image-51 alignnone size-full\" \/><\/a><a href=\"http:\/\/serwer47456.lh.pl\/salomon\/materialy\/_upload\/szkola_podstawowa\/zagadnienia_egzaminacyjne_VI_SP.pdf\">ZAGADNIENIA EGZAMINACYJNE KL VI FORMAT PDF<\/a><\/p>\n<p><strong>PROGRAMY NAUCZANIA<\/strong><\/p>\n<p><strong>KLASY 1-3<\/strong><\/p>\n<p><a href=\"http:\/\/serwer47456.lh.pl\/salomon\/materialy\/_upload\/Edukacja_wczesnoszkolna_program_nauczania.pdf\"><\/a><a href=\"http:\/\/serwer47456.lh.pl\/salomon\/materialy\/_upload\/STATUT_SZKOLY_SALOMON.pdf\"><img loading=\"lazy\" src=\"http:\/\/serwer1421977.home.pl\/kwiecien19\/like\/wp-content\/uploads\/2019\/04\/pdf.png\" width=\"21\" height=\"24\" alt=\"\" class=\"wp-image-51 alignnone size-full\" \/><\/a><a href=\"http:\/\/serwer47456.lh.pl\/salomon\/materialy\/_upload\/Edukacja_wczesnoszkolna_program_nauczania.pdf\">EDUKACJA WCZESNOSZKOLNA<\/a><br \/> <a href=\"http:\/\/serwer47456.lh.pl\/salomon\/materialy\/_upload\/STATUT_SZKOLY_SALOMON.pdf\"><img loading=\"lazy\" src=\"http:\/\/serwer1421977.home.pl\/kwiecien19\/like\/wp-content\/uploads\/2019\/04\/pdf.png\" width=\"21\" height=\"24\" alt=\"\" class=\"wp-image-51 alignnone size-full\" \/><\/a><a href=\"http:\/\/serwer47456.lh.pl\/salomon\/materialy\/_upload\/prog_nauczania_-_angielski_sz.pdf\">ANGIELSKI<\/a><br \/> <a href=\"http:\/\/serwer47456.lh.pl\/salomon\/materialy\/_upload\/STATUT_SZKOLY_SALOMON.pdf\"><img loading=\"lazy\" src=\"http:\/\/serwer1421977.home.pl\/kwiecien19\/like\/wp-content\/uploads\/2019\/04\/pdf.png\" width=\"21\" height=\"24\" alt=\"\" class=\"wp-image-51 alignnone size-full\" \/><\/a><a href=\"http:\/\/serwer47456.lh.pl\/salomon\/materialy\/_upload\/Program_religi_1_3_W_rodzinie_dzieci_bozych_2012.pdf\">RELIGIA<\/a><br \/> <a href=\"http:\/\/serwer47456.lh.pl\/salomon\/materialy\/_upload\/program_w-f_1-3_sz.pdf\"><\/a><a href=\"http:\/\/serwer47456.lh.pl\/salomon\/materialy\/_upload\/STATUT_SZKOLY_SALOMON.pdf\"><img loading=\"lazy\" src=\"http:\/\/serwer1421977.home.pl\/kwiecien19\/like\/wp-content\/uploads\/2019\/04\/pdf.png\" width=\"21\" height=\"24\" alt=\"\" class=\"wp-image-51 alignnone size-full\" \/><\/a><a href=\"http:\/\/serwer47456.lh.pl\/salomon\/materialy\/_upload\/program_w-f_1-3_sz.pdf\">WF<\/a><\/p>\n<p><strong>KLASY 4-6<\/strong><\/p>\n<p><a href=\"http:\/\/serwer47456.lh.pl\/salomon\/materialy\/_upload\/JEZYK_POLSKI_program_sz.doc\"><\/a><a href=\"http:\/\/serwer47456.lh.pl\/salomon\/materialy\/_upload\/STATUT_SZKOLY_SALOMON.pdf\"><img loading=\"lazy\" src=\"http:\/\/serwer1421977.home.pl\/kwiecien19\/like\/wp-content\/uploads\/2019\/04\/pdf.png\" width=\"21\" height=\"24\" alt=\"\" class=\"wp-image-51 alignnone size-full\" \/><\/a><a href=\"http:\/\/serwer47456.lh.pl\/salomon\/materialy\/_upload\/JEZYK_POLSKI_program_sz.doc\">JEZYK POLSKI<\/a><br \/> <a href=\"http:\/\/serwer47456.lh.pl\/salomon\/materialy\/_upload\/STATUT_SZKOLY_SALOMON.pdf\"><img loading=\"lazy\" src=\"http:\/\/serwer1421977.home.pl\/kwiecien19\/like\/wp-content\/uploads\/2019\/04\/pdf.png\" width=\"21\" height=\"24\" alt=\"\" class=\"wp-image-51 alignnone size-full\" \/><\/a><a href=\"http:\/\/serwer47456.lh.pl\/salomon\/materialy\/_upload\/matematyka_program_sz.doc\">MATEMATYKA<\/a><br \/> <a href=\"http:\/\/serwer47456.lh.pl\/salomon\/materialy\/_upload\/STATUT_SZKOLY_SALOMON.pdf\"><img loading=\"lazy\" src=\"http:\/\/serwer1421977.home.pl\/kwiecien19\/like\/wp-content\/uploads\/2019\/04\/pdf.png\" width=\"21\" height=\"24\" alt=\"\" class=\"wp-image-51 alignnone size-full\" \/><\/a><a href=\"http:\/\/serwer47456.lh.pl\/salomon\/materialy\/_upload\/NSP_HiS_program__sz.doc\">HISTORIA<\/a><br \/> <a href=\"http:\/\/serwer47456.lh.pl\/salomon\/materialy\/_upload\/NSP_Muzyka_program___sz.doc\"><\/a><a href=\"http:\/\/serwer47456.lh.pl\/salomon\/materialy\/_upload\/STATUT_SZKOLY_SALOMON.pdf\"><img loading=\"lazy\" src=\"http:\/\/serwer1421977.home.pl\/kwiecien19\/like\/wp-content\/uploads\/2019\/04\/pdf.png\" width=\"21\" height=\"24\" alt=\"\" class=\"wp-image-51 alignnone size-full\" \/><\/a><a href=\"http:\/\/serwer47456.lh.pl\/salomon\/materialy\/_upload\/NSP_Muzyka_program___sz.doc\">MUZYKA<\/a><br \/> <a href=\"http:\/\/serwer47456.lh.pl\/salomon\/materialy\/_upload\/STATUT_SZKOLY_SALOMON.pdf\"><img loading=\"lazy\" src=\"http:\/\/serwer1421977.home.pl\/kwiecien19\/like\/wp-content\/uploads\/2019\/04\/pdf.png\" width=\"21\" height=\"24\" alt=\"\" class=\"wp-image-51 alignnone size-full\" \/><\/a><a href=\"http:\/\/serwer47456.lh.pl\/salomon\/materialy\/_upload\/NSP_PLASTYKA_program__sz.doc\">PLASTYKA<\/a><br \/> <a href=\"http:\/\/serwer47456.lh.pl\/salomon\/materialy\/_upload\/STATUT_SZKOLY_SALOMON.pdf\"><img loading=\"lazy\" src=\"http:\/\/serwer1421977.home.pl\/kwiecien19\/like\/wp-content\/uploads\/2019\/04\/pdf.png\" width=\"21\" height=\"24\" alt=\"\" class=\"wp-image-51 alignnone size-full\" \/><\/a><a href=\"http:\/\/serwer47456.lh.pl\/salomon\/materialy\/_upload\/NSP_przyroda_program__sz.doc\">PRZYRODA<\/a><br \/> <a href=\"http:\/\/serwer47456.lh.pl\/salomon\/materialy\/_upload\/NSP_Zajecia_komputerowe_program__sz.doc\"><\/a><a href=\"http:\/\/serwer47456.lh.pl\/salomon\/materialy\/_upload\/STATUT_SZKOLY_SALOMON.pdf\"><img loading=\"lazy\" src=\"http:\/\/serwer1421977.home.pl\/kwiecien19\/like\/wp-content\/uploads\/2019\/04\/pdf.png\" width=\"21\" height=\"24\" alt=\"\" class=\"wp-image-51 alignnone size-full\" \/><\/a><a href=\"http:\/\/serwer47456.lh.pl\/salomon\/materialy\/_upload\/NSP_Zajecia_komputerowe_program__sz.doc\">ZAJ\u0118CIA KOMPUTEROWE<\/a><br \/> <a href=\"http:\/\/serwer47456.lh.pl\/salomon\/materialy\/_upload\/NSP_Zajecia_techniczne_program__sz.doc\"><\/a><a href=\"http:\/\/serwer47456.lh.pl\/salomon\/materialy\/_upload\/STATUT_SZKOLY_SALOMON.pdf\"><img loading=\"lazy\" src=\"http:\/\/serwer1421977.home.pl\/kwiecien19\/like\/wp-content\/uploads\/2019\/04\/pdf.png\" width=\"21\" height=\"24\" alt=\"\" class=\"wp-image-51 alignnone size-full\" \/><\/a><a href=\"http:\/\/serwer47456.lh.pl\/salomon\/materialy\/_upload\/NSP_Zajecia_techniczne_program__sz.doc\">ZAJ\u0118CIA TECHNICZNE<\/a><br \/> <a href=\"http:\/\/serwer47456.lh.pl\/salomon\/materialy\/_upload\/STATUT_SZKOLY_SALOMON.pdf\"><img loading=\"lazy\" src=\"http:\/\/serwer1421977.home.pl\/kwiecien19\/like\/wp-content\/uploads\/2019\/04\/pdf.png\" width=\"21\" height=\"24\" alt=\"\" class=\"wp-image-51 alignnone size-full\" \/><\/a><a href=\"http:\/\/serwer47456.lh.pl\/salomon\/materialy\/_upload\/program_nauczania_ang_dla_4-6_cz2.pdf\">J\u0118ZYK ANGIELSKI<\/a><br \/> <a href=\"http:\/\/serwer47456.lh.pl\/salomon\/materialy\/_upload\/STATUT_SZKOLY_SALOMON.pdf\"><img loading=\"lazy\" src=\"http:\/\/serwer1421977.home.pl\/kwiecien19\/like\/wp-content\/uploads\/2019\/04\/pdf.png\" width=\"21\" height=\"24\" alt=\"\" class=\"wp-image-51 alignnone size-full\" \/><\/a><a href=\"http:\/\/serwer47456.lh.pl\/salomon\/materialy\/_upload\/program_nauczania_w-f_w_4-6_sz.pdf\">WF<\/a><br \/> <a href=\"http:\/\/serwer47456.lh.pl\/salomon\/materialy\/_upload\/STATUT_SZKOLY_SALOMON.pdf\"><img loading=\"lazy\" src=\"http:\/\/serwer1421977.home.pl\/kwiecien19\/like\/wp-content\/uploads\/2019\/04\/pdf.png\" width=\"21\" height=\"24\" alt=\"\" class=\"wp-image-51 alignnone size-full\" \/><\/a><a href=\"http:\/\/serwer47456.lh.pl\/salomon\/materialy\/_upload\/Progr_religi__IV-VI_2012_zatw.pdf\">RELIGIA<\/a><\/p>\n<p>&nbsp;<\/p>\n<\/div>\n<p>[\/et_pb_text][et_pb_code _builder_version=&#8221;3.17.6&#8243;][\/et_pb_code][\/et_pb_column][\/et_pb_row][\/et_pb_section]<\/p>\n","protected":false},"excerpt":{"rendered":"<p>[et_pb_section fb_built=&#8221;1&#8243; _builder_version=&#8221;3.17.6&#8243;][et_pb_row custom_padding=&#8221;0|0px|27px|0px|false|false&#8221; _builder_version=&#8221;3.17.6&#8243;][et_pb_column type=&#8221;4_4&#8243; _builder_version=&#8221;3.17.6&#8243; parallax=&#8221;off&#8221; parallax_method=&#8221;on&#8221;][et_pb_text _builder_version=&#8221;3.17.6&#8243;] SZKO\u0141A PODSTAWOWA Nauczamy w klasach: 0 (zer\u00f3wka), I-III (nauczanie zintegrowane) oraz IV-VI. K\u0142adziemy nacisk na osobisty rozw\u00f3j ucznia i tworzenie prawid\u0142owych relacji w grupie. Realizujemy program obowi\u0105zuj\u0105cy zgodnie z podstaw\u0105 programow\u0105 MEN z zastosowaniem zindywidualizowanego systemu oddzia\u0142ywa\u0144 psychologiczno-pedagogicznych tak, by rozwija\u0107 w\u0142asne talenty dzieci i [&hellip;]<\/p>\n","protected":false},"author":1,"featured_media":0,"parent":0,"menu_order":0,"comment_status":"closed","ping_status":"closed","template":"","meta":{"_et_pb_use_builder":"on","_et_pb_old_content":""},"_links":{"self":[{"href":"https:\/\/szkolysalomon.pl\/index.php\/wp-json\/wp\/v2\/pages\/5"}],"collection":[{"href":"https:\/\/szkolysalomon.pl\/index.php\/wp-json\/wp\/v2\/pages"}],"about":[{"href":"https:\/\/szkolysalomon.pl\/index.php\/wp-json\/wp\/v2\/types\/page"}],"author":[{"embeddable":true,"href":"https:\/\/szkolysalomon.pl\/index.php\/wp-json\/wp\/v2\/users\/1"}],"replies":[{"embeddable":true,"href":"https:\/\/szkolysalomon.pl\/index.php\/wp-json\/wp\/v2\/comments?post=5"}],"version-history":[{"count":3,"href":"https:\/\/szkolysalomon.pl\/index.php\/wp-json\/wp\/v2\/pages\/5\/revisions"}],"predecessor-version":[{"id":53,"href":"https:\/\/szkolysalomon.pl\/index.php\/wp-json\/wp\/v2\/pages\/5\/revisions\/53"}],"wp:attachment":[{"href":"https:\/\/szkolysalomon.pl\/index.php\/wp-json\/wp\/v2\/media?parent=5"}],"curies":[{"name":"wp","href":"https:\/\/api.w.org\/{rel}","templated":true}]}}