{"id":1324,"date":"2020-03-19T22:18:02","date_gmt":"2020-03-19T21:18:02","guid":{"rendered":"http:\/\/szkolysalomon.pl\/?page_id=1324"},"modified":"2020-03-19T22:23:46","modified_gmt":"2020-03-19T21:23:46","slug":"recenzje","status":"publish","type":"page","link":"https:\/\/szkolysalomon.pl\/index.php\/recenzje\/","title":{"rendered":"RECENZJE"},"content":{"rendered":"<p>[et_pb_section fb_built=&#8221;1&#8243; _builder_version=&#8221;4.0.2&#8243;][et_pb_row _builder_version=&#8221;4.0.2&#8243;][et_pb_column type=&#8221;4_4&#8243; _builder_version=&#8221;4.0.2&#8243;][et_pb_text _builder_version=&#8221;4.0.2&#8243;]<\/p>\n<p>\u201eMarzena Zakrzewska zapracowa\u0142a na miano dojrza\u0142ego, samodzielnego i tw\u00f3rczego naukowca z kompetencjami.&#8221;<\/p>\n<p><strong>prof. dr hab. Arkadiusz Olczyk<\/strong><\/p>\n<p><strong><\/strong><\/p>\n<p><strong><\/strong><\/p>\n<p>&#8222;W podsumowaniu przeprowadzonej oceny dzia\u0142alno\u015bci naukowej podkre\u015bli\u0107 nale\u017cy, \u017ce Pani Marzena Zakrzewska podejmuje nieustanny wysi\u0142ek, aby stawa\u0107 si\u0119 rzetelnym specjalist\u0105 i znawc\u0105 zagadnie\u0144 pedagogicznych, zw\u0142aszcza dotycz\u0105cych edukacji domowej. Jej prac\u0119 badawcz\u0105 charakteryzuje dynamika i operatywno\u015b\u0107, a w jej tw\u00f3rczo\u015bci ujawnia si\u0119 oryginalno\u015b\u0107 korzystania z bogatej oferty publicystyki (polskiej i obcoj\u0119zycznej), a tak\u017ce poszukiwanie nowych i oryginalnych sposob\u00f3w prowadzenia bada\u0144 naukowych.&#8221;<\/p>\n<p><strong>prof. dr hab. Stanis\u0142aw Dyk<\/strong><\/p>\n<p><strong><\/strong><\/p>\n<p><strong><\/strong><\/p>\n<p>&#8222;Marzena Zakrzewska prezentuje si\u0119 jako osoba o szerokich horyzontach my\u015blowych, umiej\u0105cych g\u0142\u0119boko analizowa\u0107 aktualn\u0105 rzeczywisto\u015b\u0107, a nast\u0119pnie tworzy\u0107 syntez\u0119 naukow\u0105.&#8221;<\/p>\n<p><strong>prof. dr hab. Robert Zapotoczny<\/strong><\/p>\n<p><strong><\/strong><\/p>\n<p><strong><\/strong><\/p>\n<p>&#8222;Przedstawiony do oceny dorobek jest owocem dojrza\u0142ej refleksji teologicznej, psychologicznej, socjologicznej i pedagogicznej. Wyra\u017anie wida\u0107, \u017ce Habilitant wykazuje si\u0119 du\u017c\u0105 znajomo\u015bci\u0105 obszaru zainteresowa\u0144 oraz samodzielno\u015bci\u0105 naukow\u0105. Posiada umiej\u0119tno\u015bci stawiania problem\u00f3w i ich weryfikacji. Potrafi tw\u00f3rczo stawia\u0107 pytania i poszukiwa\u0107 oryginalnych odpowiedzi. Podlegaj\u0105ca ocenie aktywno\u015b\u0107 naukowa Paw\u0142a Zakrzewskiego zas\u0142uguje na uznanie.&#8221;<\/p>\n<p><strong>prof. dr hab. Grzegorz Soko\u0142owski<\/strong><\/p>\n<p><strong><\/strong><\/p>\n<p><strong><\/strong><\/p>\n<p>&#8222;Prezentacja i analiza ca\u0142o\u015bci dorobku naukowego Pana Paw\u0142a Micha\u0142a Zakrzewskiego upowa\u017cnia mnie do stwierdzenia, \u017ce jest to dobrze zapowiadaj\u0105cy si\u0119, samodzielny pracownik naukowy. Potrafi wykorzysta\u0107 on r\u00f3\u017cnorodne mo\u017cliwo\u015bci pog\u0142\u0119biania i poszerzenia wiedzy. Autor podejmuje nieustanny wysi\u0142ek, aby stawa\u0107 si\u0119 rzetelnym badaczem i w spos\u00f3b oryginalny prowadzi\u0107 badania naukowe. Wida\u0107 w jego tw\u00f3rczo\u015bci rozw\u00f3j, o czym \u015bwiadczy szeroki zakres zainteresowa\u0144 i umiej\u0119tno\u015bci korzystania z bogatej oferty interdyscyplinarnej literatury, a tak\u017ce poszukiwanie nowych sposob\u00f3w prowadzenia bada\u0144.&#8221;<\/p>\n<p><strong>prof. dr hab. Czes\u0142aw Parzyszek<\/strong><\/p>\n<p><strong><\/strong><\/p>\n<p><strong><\/strong><\/p>\n<p>Ca\u0142o\u015b\u0107 naukowej aktywno\u015bci Paw\u0142a Micha\u0142a Zakrzewskiego ze szczeg\u00f3lnym podkre\u015bleniem oryginalnych bada\u0144, a tak\u017ce jego wk\u0142ad w wymian\u0119 my\u015bli oraz popularyzowanie nauki zas\u0142uguje na wyr\u00f3\u017cnienie.&#8221;<br \/>prof. dr hab. Marek \u0141uczak<\/p>\n<p>[\/et_pb_text][\/et_pb_column][\/et_pb_row][\/et_pb_section]<\/p>\n","protected":false},"excerpt":{"rendered":"<p>[et_pb_section fb_built=&#8221;1&#8243; _builder_version=&#8221;4.0.2&#8243;][et_pb_row _builder_version=&#8221;4.0.2&#8243;][et_pb_column type=&#8221;4_4&#8243; _builder_version=&#8221;4.0.2&#8243;][et_pb_text _builder_version=&#8221;4.0.2&#8243;] \u201eMarzena Zakrzewska zapracowa\u0142a na miano dojrza\u0142ego, samodzielnego i tw\u00f3rczego naukowca z kompetencjami.&#8221; prof. dr hab. Arkadiusz Olczyk &#8222;W podsumowaniu przeprowadzonej oceny dzia\u0142alno\u015bci naukowej podkre\u015bli\u0107 nale\u017cy, \u017ce Pani Marzena Zakrzewska podejmuje nieustanny wysi\u0142ek, aby stawa\u0107 si\u0119 rzetelnym specjalist\u0105 i znawc\u0105 zagadnie\u0144 pedagogicznych, zw\u0142aszcza dotycz\u0105cych edukacji domowej. Jej prac\u0119 badawcz\u0105 [&hellip;]<\/p>\n","protected":false},"author":1,"featured_media":0,"parent":0,"menu_order":0,"comment_status":"closed","ping_status":"closed","template":"","meta":{"_et_pb_use_builder":"on","_et_pb_old_content":""},"_links":{"self":[{"href":"https:\/\/szkolysalomon.pl\/index.php\/wp-json\/wp\/v2\/pages\/1324"}],"collection":[{"href":"https:\/\/szkolysalomon.pl\/index.php\/wp-json\/wp\/v2\/pages"}],"about":[{"href":"https:\/\/szkolysalomon.pl\/index.php\/wp-json\/wp\/v2\/types\/page"}],"author":[{"embeddable":true,"href":"https:\/\/szkolysalomon.pl\/index.php\/wp-json\/wp\/v2\/users\/1"}],"replies":[{"embeddable":true,"href":"https:\/\/szkolysalomon.pl\/index.php\/wp-json\/wp\/v2\/comments?post=1324"}],"version-history":[{"count":4,"href":"https:\/\/szkolysalomon.pl\/index.php\/wp-json\/wp\/v2\/pages\/1324\/revisions"}],"predecessor-version":[{"id":1331,"href":"https:\/\/szkolysalomon.pl\/index.php\/wp-json\/wp\/v2\/pages\/1324\/revisions\/1331"}],"wp:attachment":[{"href":"https:\/\/szkolysalomon.pl\/index.php\/wp-json\/wp\/v2\/media?parent=1324"}],"curies":[{"name":"wp","href":"https:\/\/api.w.org\/{rel}","templated":true}]}}