{"id":10,"date":"2019-04-20T16:20:55","date_gmt":"2019-04-20T14:20:55","guid":{"rendered":"http:\/\/serwer1421977.home.pl\/kwiecien19\/like\/index.php\/o-szkole\/"},"modified":"2019-04-28T11:05:47","modified_gmt":"2019-04-28T09:05:47","slug":"o-szkole","status":"publish","type":"page","link":"https:\/\/szkolysalomon.pl\/index.php\/o-szkole\/","title":{"rendered":"O SZKOLE"},"content":{"rendered":"<p>[et_pb_section fb_built=&#8221;1&#8243; _builder_version=&#8221;3.17.6&#8243;][et_pb_row _builder_version=&#8221;3.17.6&#8243; custom_padding=&#8221;0|0px|27px|0px|false|false&#8221;][et_pb_column type=&#8221;4_4&#8243; _builder_version=&#8221;3.17.6&#8243; parallax=&#8221;off&#8221; parallax_method=&#8221;on&#8221;][et_pb_text background_blend=&#8221;overlay&#8221; _builder_version=&#8221;3.17.6&#8243; background_image=&#8221;http:\/\/serwer1421977.home.pl\/kwiecien19\/like\/wp-content\/uploads\/2019\/04\/6.jpg&#8221; background_color=&#8221;rgba(255,255,255,0.66)&#8221; text_font=&#8221;||||||||&#8221; text_text_color=&#8221;#000000&#8243; custom_padding=&#8221;25px|25px|25px|25px|true|true&#8221;]<\/p>\n<h1 style=\"text-align: justify;\">O SZKOLE\u00a0<\/h1>\n<p style=\"text-align: justify;\">Rodzina jest naturalnym miejscem wzrastania dziecka, a rodzice jego pierwszymi wychowawcami. Szko\u0142a ma wspomaga\u0107 rodzin\u0119 w funkcji przekazywania wiedzy i jej dzia\u0142aniach wychowawczych, st\u0105d potrzeba wsp\u00f3\u0142pracy mi\u0119dzy szko\u0142\u0105 i domem. Warto\u015bci i tradycje wynoszone przez dzieci w domu powinny znajdowa\u0107 w szkole potwierdzenie i wzmocnienie. Wtedy dziecko mo\u017ce swobodnie wzrasta\u0107 i rozwija\u0107 si\u0119 w poczuciu bezpiecze\u0144stwa. Do wsp\u00f3\u0142czesnego cz\u0142owieka nieustannie dociera wielka ilo\u015b\u0107 r\u00f3\u017cnorodnych informacji i dozna\u0144 p\u0142yn\u0105cych z wielu \u017ar\u00f3de\u0142, tak\u017ce tych przypadkowych. Dziecko w takiej sytuacji cz\u0119sto jest bezbronne i bezkrytycznie przyjmuje sprzeczne komunikaty co wprowadza chaos w jego postrzeganie i rozumienie \u015bwiata. Szko\u0142a, na r\u00f3wni z domem rodzinnym, pomaga dziecku uporz\u0105dkowa\u0107 ten obraz \u015bwiata tak by by\u0142 zgodny ze \u015bwiatem warto\u015bci. Szczeg\u00f3lnie wa\u017cny jest szacunek dla prawdy. Szko\u0142a mo\u017ce wydatnie wspom\u00f3c rodzin\u0119 na polu osobistego rozwoju dziecka poprzez stawianie wymaga\u0144 zach\u0119caj\u0105cych do kszta\u0142towania charakteru, przezwyci\u0119\u017cania trudno\u015bci, realizacji cel\u00f3w. Szko\u0142a to tak\u017ce miejsce wielorakich spotka\u0144. Jej rola jest istotna zw\u0142aszcza w zdobywaniu przez uczni\u00f3w do\u015bwiadcze\u0144 zwi\u0105zanych ze wsp\u00f3\u0142prac\u0105 w grupie r\u00f3wie\u015bniczej oraz wchodzeniem w \u015bwiat praw i obowi\u0105zk\u00f3w obywatelskich. Niezb\u0119dna wiedza o w\u0142asnej, narodowej historii, literaturze i kulturze, o ojczystej przyrodzie pomaga budowa\u0107 zdrow\u0105 postaw\u0119 dumy z w\u0142asnego kraju i ch\u0119\u0107 kultywowania w przysz\u0142o\u015bci jego tradycji. Rozw\u00f3j m\u0142odego cz\u0142owieka by\u0142by niepe\u0142ny bez uwzgl\u0119dnienia jego wymiaru duchowego. Tu tak\u017ce potrzeba wzorc\u00f3w i zach\u0119ty. Szczeg\u00f3lnie zwracamy uwag\u0119 na indywidualne podej\u015bcie do ka\u017cdego ucznia, staramy si\u0119 odkry\u0107 jego talenty i pom\u00f3c w ich rozwoju. Pomaga to budowa\u0107 zdrowe poczucie w\u0142asnej warto\u015bci i odnale\u017a\u0107 w\u0142asne miejsce w spo\u0142eczno\u015bci szkolnej. \u017byczliwo\u015b\u0107 i zaufanie okazywane przez nauczycieli skutkuje tym samym ze strony uczni\u00f3w, co daje podstaw\u0119 do w pe\u0142ni efektywnego procesu edukacyjnego i wychowawczego.<\/p>\n<p>[\/et_pb_text][\/et_pb_column][\/et_pb_row][\/et_pb_section]<\/p>\n","protected":false},"excerpt":{"rendered":"<p>[et_pb_section fb_built=&#8221;1&#8243; _builder_version=&#8221;3.17.6&#8243;][et_pb_row _builder_version=&#8221;3.17.6&#8243; custom_padding=&#8221;0|0px|27px|0px|false|false&#8221;][et_pb_column type=&#8221;4_4&#8243; _builder_version=&#8221;3.17.6&#8243; parallax=&#8221;off&#8221; parallax_method=&#8221;on&#8221;][et_pb_text background_blend=&#8221;overlay&#8221; _builder_version=&#8221;3.17.6&#8243; background_image=&#8221;http:\/\/serwer1421977.home.pl\/kwiecien19\/like\/wp-content\/uploads\/2019\/04\/6.jpg&#8221; background_color=&#8221;rgba(255,255,255,0.66)&#8221; text_font=&#8221;||||||||&#8221; text_text_color=&#8221;#000000&#8243; custom_padding=&#8221;25px|25px|25px|25px|true|true&#8221;] O SZKOLE\u00a0 Rodzina jest naturalnym miejscem wzrastania dziecka, a rodzice jego pierwszymi wychowawcami. Szko\u0142a ma wspomaga\u0107 rodzin\u0119 w funkcji przekazywania wiedzy i jej dzia\u0142aniach wychowawczych, st\u0105d potrzeba wsp\u00f3\u0142pracy mi\u0119dzy szko\u0142\u0105 i domem. Warto\u015bci i tradycje wynoszone przez dzieci w [&hellip;]<\/p>\n","protected":false},"author":1,"featured_media":0,"parent":0,"menu_order":0,"comment_status":"closed","ping_status":"closed","template":"","meta":{"_et_pb_use_builder":"on","_et_pb_old_content":""},"_links":{"self":[{"href":"https:\/\/szkolysalomon.pl\/index.php\/wp-json\/wp\/v2\/pages\/10"}],"collection":[{"href":"https:\/\/szkolysalomon.pl\/index.php\/wp-json\/wp\/v2\/pages"}],"about":[{"href":"https:\/\/szkolysalomon.pl\/index.php\/wp-json\/wp\/v2\/types\/page"}],"author":[{"embeddable":true,"href":"https:\/\/szkolysalomon.pl\/index.php\/wp-json\/wp\/v2\/users\/1"}],"replies":[{"embeddable":true,"href":"https:\/\/szkolysalomon.pl\/index.php\/wp-json\/wp\/v2\/comments?post=10"}],"version-history":[{"count":3,"href":"https:\/\/szkolysalomon.pl\/index.php\/wp-json\/wp\/v2\/pages\/10\/revisions"}],"predecessor-version":[{"id":71,"href":"https:\/\/szkolysalomon.pl\/index.php\/wp-json\/wp\/v2\/pages\/10\/revisions\/71"}],"wp:attachment":[{"href":"https:\/\/szkolysalomon.pl\/index.php\/wp-json\/wp\/v2\/media?parent=10"}],"curies":[{"name":"wp","href":"https:\/\/api.w.org\/{rel}","templated":true}]}}